{"id":17746,"date":"2026-04-16T17:48:02","date_gmt":"2026-04-16T14:48:02","guid":{"rendered":"https:\/\/ursus.ee\/toode\/kosmeetilised-salvratikud-fashion-collection-3-kihiline-3\/"},"modified":"2026-04-23T15:20:34","modified_gmt":"2026-04-23T12:20:34","slug":"kosmeetilised-salvratikud-fashion-collection-3-kihiline-3","status":"publish","type":"product","link":"https:\/\/ursus.ee\/en\/toode\/kosmeetilised-salvratikud-fashion-collection-3-kihiline-3\/","title":{"rendered":"Kosmeetilised salvr\u00e4tikud Fashion Collection 3-kihiline"},"content":{"rendered":"<p>3-kihilised kosmeetilised salvr\u00e4tid trendikas pakendis. Karbis on 60 lehte m\u00f5\u00f5tudega 20&#215;17,5cm. Valmistatud 100% tselluloosist, Ukrainas.<\/p>\n","protected":false},"excerpt":{"rendered":"<p>3-kihilised kosmeetilised salvr\u00e4tid trendikas pakendis. Karbis on 60 lehte m\u00f5\u00f5tudega 20&#215;17,5cm. Valmistatud 100% tselluloosist, Ukrainas.<\/p>\n","protected":false},"featured_media":12089,"comment_status":"closed","ping_status":"open","template":"","meta":{"_acf_changed":false},"product_brand":[422],"product_cat":[512,423],"product_tag":[],"class_list":{"0":"post-17746","1":"product","2":"type-product","3":"status-publish","4":"has-post-thumbnail","6":"product_brand-ruta","7":"product_cat-majapidamistarbed","8":"product_cat-pabertooted","9":"pa_kogus-60-tk","10":"pa_paritolumaa-ukraina","11":"pa_uhik-tk","13":"first","14":"instock","15":"taxable","16":"shipping-taxable","17":"purchasable","18":"product-type-simple"},"acf":[],"_links":{"self":[{"href":"https:\/\/ursus.ee\/en\/wp-json\/wp\/v2\/product\/17746","targetHints":{"allow":["GET"]}}],"collection":[{"href":"https:\/\/ursus.ee\/en\/wp-json\/wp\/v2\/product"}],"about":[{"href":"https:\/\/ursus.ee\/en\/wp-json\/wp\/v2\/types\/product"}],"replies":[{"embeddable":true,"href":"https:\/\/ursus.ee\/en\/wp-json\/wp\/v2\/comments?post=17746"}],"wp:featuredmedia":[{"embeddable":true,"href":"https:\/\/ursus.ee\/en\/wp-json\/wp\/v2\/media\/12089"}],"wp:attachment":[{"href":"https:\/\/ursus.ee\/en\/wp-json\/wp\/v2\/media?parent=17746"}],"wp:term":[{"taxonomy":"product_brand","embeddable":true,"href":"https:\/\/ursus.ee\/en\/wp-json\/wp\/v2\/product_brand?post=17746"},{"taxonomy":"product_cat","embeddable":true,"href":"https:\/\/ursus.ee\/en\/wp-json\/wp\/v2\/product_cat?post=17746"},{"taxonomy":"product_tag","embeddable":true,"href":"https:\/\/ursus.ee\/en\/wp-json\/wp\/v2\/product_tag?post=17746"}],"curies":[{"name":"wp","href":"https:\/\/api.w.org\/{rel}","templated":true}]}}