{"id":17735,"date":"2026-04-16T17:48:02","date_gmt":"2026-04-16T14:48:02","guid":{"rendered":"https:\/\/ursus.ee\/toode\/griliimisvarras-puidust-kaepidemega-50cm-2mm-3\/"},"modified":"2026-04-23T15:23:00","modified_gmt":"2026-04-23T12:23:00","slug":"griliimisvarras-puidust-kaepidemega-50cm-2mm-3","status":"publish","type":"product","link":"https:\/\/ursus.ee\/en\/toode\/griliimisvarras-puidust-kaepidemega-50cm-2mm-3\/","title":{"rendered":"GrilIimisvarras puidust k\u00e4epidemega 50cm\/2mm"},"content":{"rendered":"<p>Tugev ja vastupidav grillimisvarras, millega valmistad liha ja k\u00f6\u00f6givilju mugavalt ja turvaliselt. Puidust k\u00e4epide ei kuumene, tagades kindla haarde ka k\u00f5rgel kuumusel. Ideaalne igale grillijale, kes soovib lihtsat ja t\u00f6\u00f6kindlat vahendit.<\/p>\n","protected":false},"excerpt":{"rendered":"<p>Tugev ja vastupidav grillimisvarras, millega valmistad liha ja k\u00f6\u00f6givilju mugavalt ja turvaliselt. Puidust k\u00e4epide ei kuumene, tagades kindla haarde ka k\u00f5rgel kuumusel. Ideaalne igale grillijale, kes soovib lihtsat ja t\u00f6\u00f6kindlat vahendit.<\/p>\n","protected":false},"featured_media":15957,"comment_status":"closed","ping_status":"closed","template":"","meta":{"_acf_changed":false},"product_brand":[621],"product_cat":[512,437],"product_tag":[],"class_list":{"0":"post-17735","1":"product","2":"type-product","3":"status-publish","4":"has-post-thumbnail","6":"product_brand-bakkjard","7":"product_cat-majapidamistarbed","8":"product_cat-grillimistarvikud","9":"pa_kogus-1-tk","10":"pa_paritolumaa-hiina","11":"pa_uhik-tk","13":"first","14":"instock","15":"taxable","16":"shipping-taxable","17":"purchasable","18":"product-type-simple"},"acf":[],"_links":{"self":[{"href":"https:\/\/ursus.ee\/en\/wp-json\/wp\/v2\/product\/17735","targetHints":{"allow":["GET"]}}],"collection":[{"href":"https:\/\/ursus.ee\/en\/wp-json\/wp\/v2\/product"}],"about":[{"href":"https:\/\/ursus.ee\/en\/wp-json\/wp\/v2\/types\/product"}],"replies":[{"embeddable":true,"href":"https:\/\/ursus.ee\/en\/wp-json\/wp\/v2\/comments?post=17735"}],"wp:featuredmedia":[{"embeddable":true,"href":"https:\/\/ursus.ee\/en\/wp-json\/wp\/v2\/media\/15957"}],"wp:attachment":[{"href":"https:\/\/ursus.ee\/en\/wp-json\/wp\/v2\/media?parent=17735"}],"wp:term":[{"taxonomy":"product_brand","embeddable":true,"href":"https:\/\/ursus.ee\/en\/wp-json\/wp\/v2\/product_brand?post=17735"},{"taxonomy":"product_cat","embeddable":true,"href":"https:\/\/ursus.ee\/en\/wp-json\/wp\/v2\/product_cat?post=17735"},{"taxonomy":"product_tag","embeddable":true,"href":"https:\/\/ursus.ee\/en\/wp-json\/wp\/v2\/product_tag?post=17735"}],"curies":[{"name":"wp","href":"https:\/\/api.w.org\/{rel}","templated":true}]}}