{"id":17712,"date":"2026-04-16T17:10:38","date_gmt":"2026-04-16T14:10:38","guid":{"rendered":"https:\/\/ursus.ee\/toode\/sailituskotid-1l\/"},"modified":"2026-04-27T13:40:06","modified_gmt":"2026-04-27T10:40:06","slug":"sailituskotid-1l","status":"publish","type":"product","link":"https:\/\/ursus.ee\/en\/toode\/sailituskotid-1l\/","title":{"rendered":"S\u00e4ilituskotid 1L"},"content":{"rendered":"<p>Liugurkinnitusega s\u00e4ilituskotid. 1L, \u00fche koti m\u00f5\u00f5t on 22x18cm. Pakendist 10tk. Kotid on tugevad ja vastupidavad, sobivad toidu s\u00fcgavk\u00fclmutamiseks, v\u00e4rskete toiduainete hoiustamiseks, teravilja hoiustamiseks, vedelike hoiustamiseks ja s\u00fcgavk\u00fclmutamiseks, reisimisel vedelike, ravimite, dokumentide hoiustamiseks. Koti materjal: pol\u00fcet\u00fcleen. Hoida pakendatuna kuivas, kaitstuna otsese p\u00e4ikesevalguse eest.<\/p>\n","protected":false},"excerpt":{"rendered":"<p>Liugurkinnitusega s\u00e4ilituskotid. 1L, \u00fche koti m\u00f5\u00f5t on 22x18cm. Pakendist 10tk. Kotid on tugevad ja vastupidavad, sobivad toidu s\u00fcgavk\u00fclmutamiseks, v\u00e4rskete toiduainete hoiustamiseks, teravilja hoiustamiseks, vedelike hoiustamiseks ja s\u00fcgavk\u00fclmutamiseks, reisimisel vedelike, ravimite, dokumentide hoiustamiseks. Koti materjal: pol\u00fcet\u00fcleen. Hoida pakendatuna kuivas, kaitstuna otsese p\u00e4ikesevalguse eest.<\/p>\n","protected":false},"featured_media":18249,"comment_status":"closed","ping_status":"closed","template":"","meta":{"_acf_changed":false},"product_brand":[447],"product_cat":[405,459],"product_tag":[],"class_list":{"0":"post-17712","1":"product","2":"type-product","3":"status-publish","4":"has-post-thumbnail","6":"product_brand-vortex","7":"product_cat-koogitarbed","8":"product_cat-fooliumid-kiled-kupsetuspaberid","9":"pa_kogus-10-tk","10":"pa_koostis-poluetuleen","11":"pa_paritolumaa-ukraina","12":"pa_uhik-tk","14":"first","15":"instock","16":"taxable","17":"shipping-taxable","18":"purchasable","19":"product-type-simple"},"acf":[],"_links":{"self":[{"href":"https:\/\/ursus.ee\/en\/wp-json\/wp\/v2\/product\/17712","targetHints":{"allow":["GET"]}}],"collection":[{"href":"https:\/\/ursus.ee\/en\/wp-json\/wp\/v2\/product"}],"about":[{"href":"https:\/\/ursus.ee\/en\/wp-json\/wp\/v2\/types\/product"}],"replies":[{"embeddable":true,"href":"https:\/\/ursus.ee\/en\/wp-json\/wp\/v2\/comments?post=17712"}],"wp:featuredmedia":[{"embeddable":true,"href":"https:\/\/ursus.ee\/en\/wp-json\/wp\/v2\/media\/18249"}],"wp:attachment":[{"href":"https:\/\/ursus.ee\/en\/wp-json\/wp\/v2\/media?parent=17712"}],"wp:term":[{"taxonomy":"product_brand","embeddable":true,"href":"https:\/\/ursus.ee\/en\/wp-json\/wp\/v2\/product_brand?post=17712"},{"taxonomy":"product_cat","embeddable":true,"href":"https:\/\/ursus.ee\/en\/wp-json\/wp\/v2\/product_cat?post=17712"},{"taxonomy":"product_tag","embeddable":true,"href":"https:\/\/ursus.ee\/en\/wp-json\/wp\/v2\/product_tag?post=17712"}],"curies":[{"name":"wp","href":"https:\/\/api.w.org\/{rel}","templated":true}]}}