{"id":17711,"date":"2026-04-16T17:10:38","date_gmt":"2026-04-16T14:10:38","guid":{"rendered":"https:\/\/ursus.ee\/toode\/jaakuubikukotid-pallid\/"},"modified":"2026-04-23T15:20:26","modified_gmt":"2026-04-23T12:20:26","slug":"jaakuubikukotid-pallid","status":"publish","type":"product","link":"https:\/\/ursus.ee\/en\/toode\/jaakuubikukotid-pallid\/","title":{"rendered":"J\u00e4\u00e4kuubikukotid pallid"},"content":{"rendered":"<p>\u00dchekordsed pallikukujulised j\u00e4\u00e4kuubikutekotid. Pakendis 10 lehte, millest saab teha kokku 180 palli<\/p>\n","protected":false},"excerpt":{"rendered":"<p>\u00dchekordsed pallikukujulised j\u00e4\u00e4kuubikutekotid. Pakendis 10 lehte, millest saab teha kokku 180 palli<\/p>\n","protected":false},"featured_media":18099,"comment_status":"closed","ping_status":"closed","template":"","meta":{"_acf_changed":false},"product_brand":[458],"product_cat":[405,459],"product_tag":[],"class_list":{"0":"post-17711","1":"product","2":"type-product","3":"status-publish","4":"has-post-thumbnail","6":"product_brand-alufix","7":"product_cat-koogitarbed","8":"product_cat-fooliumid-kiled-kupsetuspaberid","9":"pa_kogus-180-tk","10":"pa_koostis-mikroteen-plastik-tsellofaan","11":"pa_paritolumaa-ukraina","12":"pa_uhik-tk","14":"first","15":"instock","16":"taxable","17":"shipping-taxable","18":"purchasable","19":"product-type-simple"},"acf":[],"_links":{"self":[{"href":"https:\/\/ursus.ee\/en\/wp-json\/wp\/v2\/product\/17711","targetHints":{"allow":["GET"]}}],"collection":[{"href":"https:\/\/ursus.ee\/en\/wp-json\/wp\/v2\/product"}],"about":[{"href":"https:\/\/ursus.ee\/en\/wp-json\/wp\/v2\/types\/product"}],"replies":[{"embeddable":true,"href":"https:\/\/ursus.ee\/en\/wp-json\/wp\/v2\/comments?post=17711"}],"wp:featuredmedia":[{"embeddable":true,"href":"https:\/\/ursus.ee\/en\/wp-json\/wp\/v2\/media\/18099"}],"wp:attachment":[{"href":"https:\/\/ursus.ee\/en\/wp-json\/wp\/v2\/media?parent=17711"}],"wp:term":[{"taxonomy":"product_brand","embeddable":true,"href":"https:\/\/ursus.ee\/en\/wp-json\/wp\/v2\/product_brand?post=17711"},{"taxonomy":"product_cat","embeddable":true,"href":"https:\/\/ursus.ee\/en\/wp-json\/wp\/v2\/product_cat?post=17711"},{"taxonomy":"product_tag","embeddable":true,"href":"https:\/\/ursus.ee\/en\/wp-json\/wp\/v2\/product_tag?post=17711"}],"curies":[{"name":"wp","href":"https:\/\/api.w.org\/{rel}","templated":true}]}}