{"id":17709,"date":"2026-04-16T17:10:28","date_gmt":"2026-04-16T14:10:28","guid":{"rendered":"https:\/\/ursus.ee\/toode\/toidukile-29cm-x-30m\/"},"modified":"2026-04-23T15:20:25","modified_gmt":"2026-04-23T12:20:25","slug":"toidukile-29cm-x-30m","status":"publish","type":"product","link":"https:\/\/ursus.ee\/en\/toode\/toidukile-29cm-x-30m\/","title":{"rendered":"Toidukile, 29cm x 30m"},"content":{"rendered":"<p>Toidukile sobib toiduainete pakendamiseks ja nende v\u00e4rskuse s\u00e4ilitamiseks. Ideaalne rasvarikaste toitude, nagu v\u00f5i, juust ja kala, pakkimiseks. Kiletamine aitab toidul\u00f5hnadel j\u00e4\u00e4da toidu k\u00fclge, mitte k\u00fclmkappi levida. Lihtne rullist kile k\u00e4tte saada ja pakendil on spetsiaalne l\u00f5ikeserv kile l\u00f5ikamiseks.<br \/>\nSobib igat liiki toidu pakkimiseks<\/p>\n","protected":false},"excerpt":{"rendered":"<p>Toidukile sobib toiduainete pakendamiseks ja nende v\u00e4rskuse s\u00e4ilitamiseks. Ideaalne rasvarikaste toitude, nagu v\u00f5i, juust ja kala, pakkimiseks. Kiletamine aitab toidul\u00f5hnadel j\u00e4\u00e4da toidu k\u00fclge, mitte k\u00fclmkappi levida. Lihtne rullist kile k\u00e4tte saada ja pakendil on spetsiaalne l\u00f5ikeserv kile l\u00f5ikamiseks. Sobib igat liiki toidu pakkimiseks<\/p>\n","protected":false},"featured_media":18114,"comment_status":"closed","ping_status":"closed","template":"","meta":{"_acf_changed":false},"product_brand":[458],"product_cat":[405,459],"product_tag":[],"class_list":{"0":"post-17709","1":"product","2":"type-product","3":"status-publish","4":"has-post-thumbnail","6":"product_brand-alufix","7":"product_cat-koogitarbed","8":"product_cat-fooliumid-kiled-kupsetuspaberid","9":"pa_kogus-30-m","10":"pa_koostis-ldpe","11":"pa_paritolumaa-ukraina","12":"pa_uhik-m","14":"first","15":"instock","16":"taxable","17":"shipping-taxable","18":"purchasable","19":"product-type-simple"},"acf":[],"_links":{"self":[{"href":"https:\/\/ursus.ee\/en\/wp-json\/wp\/v2\/product\/17709","targetHints":{"allow":["GET"]}}],"collection":[{"href":"https:\/\/ursus.ee\/en\/wp-json\/wp\/v2\/product"}],"about":[{"href":"https:\/\/ursus.ee\/en\/wp-json\/wp\/v2\/types\/product"}],"replies":[{"embeddable":true,"href":"https:\/\/ursus.ee\/en\/wp-json\/wp\/v2\/comments?post=17709"}],"wp:featuredmedia":[{"embeddable":true,"href":"https:\/\/ursus.ee\/en\/wp-json\/wp\/v2\/media\/18114"}],"wp:attachment":[{"href":"https:\/\/ursus.ee\/en\/wp-json\/wp\/v2\/media?parent=17709"}],"wp:term":[{"taxonomy":"product_brand","embeddable":true,"href":"https:\/\/ursus.ee\/en\/wp-json\/wp\/v2\/product_brand?post=17709"},{"taxonomy":"product_cat","embeddable":true,"href":"https:\/\/ursus.ee\/en\/wp-json\/wp\/v2\/product_cat?post=17709"},{"taxonomy":"product_tag","embeddable":true,"href":"https:\/\/ursus.ee\/en\/wp-json\/wp\/v2\/product_tag?post=17709"}],"curies":[{"name":"wp","href":"https:\/\/api.w.org\/{rel}","templated":true}]}}