{"id":17708,"date":"2026-04-16T17:10:28","date_gmt":"2026-04-16T14:10:28","guid":{"rendered":"https:\/\/ursus.ee\/toode\/sailituskotid-sulguriga-7x1l-5x3l-3x6l\/"},"modified":"2026-04-23T15:21:39","modified_gmt":"2026-04-23T12:21:39","slug":"sailituskotid-sulguriga-7x1l-5x3l-3x6l","status":"publish","type":"product","link":"https:\/\/ursus.ee\/en\/toode\/sailituskotid-sulguriga-7x1l-5x3l-3x6l\/","title":{"rendered":"S\u00e4ilituskotid sulguriga 7x1L, 5x3L, 3x6L"},"content":{"rendered":"<p>Liugurkinnitusega s\u00e4ilituskotid, pakendis kokku 15 kotti: 1L, 3L, 6L. Kotid on tugevad ja vastupidavad, sobivad toidu s\u00fcgavk\u00fclmutamiseks, v\u00e4rskete toiduainete hoiustamiseks, teravilja hoiustamiseks, vedelike hoiustamiseks ja s\u00fcgavk\u00fclmutamiseks, reisimisel vedelike, ravimite, dokumentide hoiustamiseks. Koti materjal: pol\u00fcet\u00fcleen. Hoida pakendatuna kuivas, kaitstuna otsese p\u00e4ikesevalguse eest.<\/p>\n","protected":false},"excerpt":{"rendered":"<p>Liugurkinnitusega s\u00e4ilituskotid, pakendis kokku 15 kotti: 1L, 3L, 6L. Kotid on tugevad ja vastupidavad, sobivad toidu s\u00fcgavk\u00fclmutamiseks, v\u00e4rskete toiduainete hoiustamiseks, teravilja hoiustamiseks, vedelike hoiustamiseks ja s\u00fcgavk\u00fclmutamiseks, reisimisel vedelike, ravimite, dokumentide hoiustamiseks. Koti materjal: pol\u00fcet\u00fcleen. Hoida pakendatuna kuivas, kaitstuna otsese p\u00e4ikesevalguse eest.<\/p>\n","protected":false},"featured_media":18110,"comment_status":"closed","ping_status":"closed","template":"","meta":{"_acf_changed":false},"product_brand":[458],"product_cat":[405,459],"product_tag":[],"class_list":{"0":"post-17708","1":"product","2":"type-product","3":"status-publish","4":"has-post-thumbnail","6":"product_brand-alufix","7":"product_cat-koogitarbed","8":"product_cat-fooliumid-kiled-kupsetuspaberid","9":"pa_kogus-15-tk","10":"pa_koostis-poluetuleen","11":"pa_paritolumaa-ukraina","12":"pa_uhik-tk","14":"first","15":"instock","16":"taxable","17":"shipping-taxable","18":"purchasable","19":"product-type-simple"},"acf":[],"_links":{"self":[{"href":"https:\/\/ursus.ee\/en\/wp-json\/wp\/v2\/product\/17708","targetHints":{"allow":["GET"]}}],"collection":[{"href":"https:\/\/ursus.ee\/en\/wp-json\/wp\/v2\/product"}],"about":[{"href":"https:\/\/ursus.ee\/en\/wp-json\/wp\/v2\/types\/product"}],"replies":[{"embeddable":true,"href":"https:\/\/ursus.ee\/en\/wp-json\/wp\/v2\/comments?post=17708"}],"wp:featuredmedia":[{"embeddable":true,"href":"https:\/\/ursus.ee\/en\/wp-json\/wp\/v2\/media\/18110"}],"wp:attachment":[{"href":"https:\/\/ursus.ee\/en\/wp-json\/wp\/v2\/media?parent=17708"}],"wp:term":[{"taxonomy":"product_brand","embeddable":true,"href":"https:\/\/ursus.ee\/en\/wp-json\/wp\/v2\/product_brand?post=17708"},{"taxonomy":"product_cat","embeddable":true,"href":"https:\/\/ursus.ee\/en\/wp-json\/wp\/v2\/product_cat?post=17708"},{"taxonomy":"product_tag","embeddable":true,"href":"https:\/\/ursus.ee\/en\/wp-json\/wp\/v2\/product_tag?post=17708"}],"curies":[{"name":"wp","href":"https:\/\/api.w.org\/{rel}","templated":true}]}}