{"id":17707,"date":"2026-04-16T17:10:28","date_gmt":"2026-04-16T14:10:28","guid":{"rendered":"https:\/\/ursus.ee\/toode\/kuumaohufrituuri-kupsetuspaber-3in1-26cm\/"},"modified":"2026-04-23T15:20:20","modified_gmt":"2026-04-23T12:20:20","slug":"kuumaohufrituuri-kupsetuspaber-3in1-26cm","status":"publish","type":"product","link":"https:\/\/ursus.ee\/en\/toode\/kuumaohufrituuri-kupsetuspaber-3in1-26cm\/","title":{"rendered":"Kuuma\u00f5hufrit\u00fc\u00fcri k\u00fcpsetuspaber 3in1 26cm"},"content":{"rendered":"<p>\u00d5hufrit\u00fc\u00fcri k\u00fcpsetuspaberid suurusega 26cm. Sobivad kasutamiseks nii \u00fchufrit\u00fc\u00fcris, k\u00fcpsetusvormis kui ka multik\u00fcpsetajas. Pakendis 30 lehte. Uuenduslikud k\u00fcpsetuspaberid, kus paber on varustatud spetsiaalsete \u00f5huavadega, mis soodustab \u00f5hu ringlust ja seet\u00f5ttu ka kiiremat k\u00fcpsetustulemust ja kr\u00f5bedust. K\u00fcpsetuspaber hoiab \u00e4ra toidu nakkumise, v\u00f5imaldab k\u00fcpsetusvorme ja frit\u00fc\u00fcri paremini puhastada. Valmistatud premium kvaliteediga tsellulooskiududest.<\/p>\n","protected":false},"excerpt":{"rendered":"<p>\u00d5hufrit\u00fc\u00fcri k\u00fcpsetuspaberid suurusega 26cm. Sobivad kasutamiseks nii \u00fchufrit\u00fc\u00fcris, k\u00fcpsetusvormis kui ka multik\u00fcpsetajas. Pakendis 30 lehte. Uuenduslikud k\u00fcpsetuspaberid, kus paber on varustatud spetsiaalsete \u00f5huavadega, mis soodustab \u00f5hu ringlust ja seet\u00f5ttu ka kiiremat k\u00fcpsetustulemust ja kr\u00f5bedust. K\u00fcpsetuspaber hoiab \u00e4ra toidu nakkumise, v\u00f5imaldab k\u00fcpsetusvorme ja frit\u00fc\u00fcri paremini puhastada. Valmistatud premium kvaliteediga tsellulooskiududest.<\/p>\n","protected":false},"featured_media":18108,"comment_status":"closed","ping_status":"closed","template":"","meta":{"_acf_changed":false},"product_brand":[458],"product_cat":[405,459],"product_tag":[],"class_list":{"0":"post-17707","1":"product","2":"type-product","3":"status-publish","4":"has-post-thumbnail","6":"product_brand-alufix","7":"product_cat-koogitarbed","8":"product_cat-fooliumid-kiled-kupsetuspaberid","9":"pa_kogus-30-tk","10":"pa_koostis-pap-22","11":"pa_paritolumaa-ukraina","12":"pa_uhik-tk","14":"first","15":"instock","16":"taxable","17":"shipping-taxable","18":"purchasable","19":"product-type-simple"},"acf":[],"_links":{"self":[{"href":"https:\/\/ursus.ee\/en\/wp-json\/wp\/v2\/product\/17707","targetHints":{"allow":["GET"]}}],"collection":[{"href":"https:\/\/ursus.ee\/en\/wp-json\/wp\/v2\/product"}],"about":[{"href":"https:\/\/ursus.ee\/en\/wp-json\/wp\/v2\/types\/product"}],"replies":[{"embeddable":true,"href":"https:\/\/ursus.ee\/en\/wp-json\/wp\/v2\/comments?post=17707"}],"wp:featuredmedia":[{"embeddable":true,"href":"https:\/\/ursus.ee\/en\/wp-json\/wp\/v2\/media\/18108"}],"wp:attachment":[{"href":"https:\/\/ursus.ee\/en\/wp-json\/wp\/v2\/media?parent=17707"}],"wp:term":[{"taxonomy":"product_brand","embeddable":true,"href":"https:\/\/ursus.ee\/en\/wp-json\/wp\/v2\/product_brand?post=17707"},{"taxonomy":"product_cat","embeddable":true,"href":"https:\/\/ursus.ee\/en\/wp-json\/wp\/v2\/product_cat?post=17707"},{"taxonomy":"product_tag","embeddable":true,"href":"https:\/\/ursus.ee\/en\/wp-json\/wp\/v2\/product_tag?post=17707"}],"curies":[{"name":"wp","href":"https:\/\/api.w.org\/{rel}","templated":true}]}}