{"id":17704,"date":"2026-04-16T17:10:28","date_gmt":"2026-04-16T14:10:28","guid":{"rendered":"https:\/\/ursus.ee\/toode\/alumiiniumfoolium-29cm-x-10m\/"},"modified":"2026-04-23T15:20:25","modified_gmt":"2026-04-23T12:20:25","slug":"alumiiniumfoolium-29cm-x-10m","status":"publish","type":"product","link":"https:\/\/ursus.ee\/en\/toode\/alumiiniumfoolium-29cm-x-10m\/","title":{"rendered":"Alumiiniumfoolium, 29cm x 10m"},"content":{"rendered":"<p>Kuumakindel, vastupidav, l\u00f5hnatu ja ei j\u00e4ta toidule mingit maitset k\u00fclge. Universaalse kasutusalaga: k\u00fcpsetamiseks, r\u00f6stimiseks, aurutamiseks, grillimisel. Alumiinium ei lase l\u00e4bi valgust, gaase, niiskust. Standardlaiusega: 29cm, paksus 10 \u03bcm<\/p>\n","protected":false},"excerpt":{"rendered":"<p>Kuumakindel, vastupidav, l\u00f5hnatu ja ei j\u00e4ta toidule mingit maitset k\u00fclge. Universaalse kasutusalaga: k\u00fcpsetamiseks, r\u00f6stimiseks, aurutamiseks, grillimisel. Alumiinium ei lase l\u00e4bi valgust, gaase, niiskust. Standardlaiusega: 29cm, paksus 10 \u03bcm<\/p>\n","protected":false},"featured_media":18102,"comment_status":"closed","ping_status":"closed","template":"","meta":{"_acf_changed":false},"product_brand":[458],"product_cat":[405,459],"product_tag":[],"class_list":{"0":"post-17704","1":"product","2":"type-product","3":"status-publish","4":"has-post-thumbnail","6":"product_brand-alufix","7":"product_cat-koogitarbed","8":"product_cat-fooliumid-kiled-kupsetuspaberid","9":"pa_kogus-10-m","10":"pa_koostis-alumiiniumfoolium","11":"pa_paritolumaa-ukraina","12":"pa_uhik-m","14":"first","15":"instock","16":"taxable","17":"shipping-taxable","18":"purchasable","19":"product-type-simple"},"acf":[],"_links":{"self":[{"href":"https:\/\/ursus.ee\/en\/wp-json\/wp\/v2\/product\/17704","targetHints":{"allow":["GET"]}}],"collection":[{"href":"https:\/\/ursus.ee\/en\/wp-json\/wp\/v2\/product"}],"about":[{"href":"https:\/\/ursus.ee\/en\/wp-json\/wp\/v2\/types\/product"}],"replies":[{"embeddable":true,"href":"https:\/\/ursus.ee\/en\/wp-json\/wp\/v2\/comments?post=17704"}],"wp:featuredmedia":[{"embeddable":true,"href":"https:\/\/ursus.ee\/en\/wp-json\/wp\/v2\/media\/18102"}],"wp:attachment":[{"href":"https:\/\/ursus.ee\/en\/wp-json\/wp\/v2\/media?parent=17704"}],"wp:term":[{"taxonomy":"product_brand","embeddable":true,"href":"https:\/\/ursus.ee\/en\/wp-json\/wp\/v2\/product_brand?post=17704"},{"taxonomy":"product_cat","embeddable":true,"href":"https:\/\/ursus.ee\/en\/wp-json\/wp\/v2\/product_cat?post=17704"},{"taxonomy":"product_tag","embeddable":true,"href":"https:\/\/ursus.ee\/en\/wp-json\/wp\/v2\/product_tag?post=17704"}],"curies":[{"name":"wp","href":"https:\/\/api.w.org\/{rel}","templated":true}]}}