{"id":17702,"date":"2026-04-16T17:10:28","date_gmt":"2026-04-16T14:10:28","guid":{"rendered":"https:\/\/ursus.ee\/toode\/elektrilise-saasetorje-taitevedelik\/"},"modified":"2026-04-20T15:05:36","modified_gmt":"2026-04-20T12:05:36","slug":"elektrilise-saasetorje-taitevedelik","status":"publish","type":"product","link":"https:\/\/ursus.ee\/en\/toode\/elektrilise-saasetorje-taitevedelik\/","title":{"rendered":"Elektrilise s\u00e4\u00e4set\u00f5rje t\u00e4itevedelik"},"content":{"rendered":"<p>T\u00e4itevedelik elektrilisele s\u00e4\u00e4set\u00f5rjeseadmele. Elektriline\u00a0 fumigaator annab \u00f6\u00f6sel efektiivse kaitse valguse peale kogunenud s\u00e4\u00e4skede vastu. Seadme elektriv\u00f5rku \u00fchendamisel hakkab toimeaine aurustuma, mis h\u00e4vitab juba ruumis olevad putukad ja takistab uute putukate ruumi lendamist. \u00dcks t\u00e4idis tagab kaitse s\u00e4\u00e4skede eest kuni 60 \u00f6\u00f6ks.<\/p>\n","protected":false},"excerpt":{"rendered":"<p>T\u00e4itevedelik elektrilisele s\u00e4\u00e4set\u00f5rjeseadmele. Elektriline\u00a0 fumigaator annab \u00f6\u00f6sel efektiivse kaitse valguse peale kogunenud s\u00e4\u00e4skede vastu. Seadme elektriv\u00f5rku \u00fchendamisel hakkab toimeaine aurustuma, mis h\u00e4vitab juba ruumis olevad putukad ja takistab uute putukate ruumi lendamist. \u00dcks t\u00e4idis tagab kaitse s\u00e4\u00e4skede eest kuni 60 \u00f6\u00f6ks.<\/p>\n","protected":false},"featured_media":16693,"comment_status":"closed","ping_status":"open","template":"","meta":{"_acf_changed":false},"product_brand":[732],"product_cat":[512,734],"product_tag":[],"class_list":{"0":"post-17702","1":"product","2":"type-product","3":"status-publish","4":"has-post-thumbnail","6":"product_brand-bros","7":"product_cat-majapidamistarbed","8":"product_cat-aiakaubad","9":"pa_kogus-40-ml","10":"pa_koostis-praletryna-1","11":"pa_paritolumaa-poola","12":"pa_uhik-ml","14":"first","15":"instock","16":"taxable","17":"shipping-taxable","18":"purchasable","19":"product-type-simple"},"acf":[],"_links":{"self":[{"href":"https:\/\/ursus.ee\/en\/wp-json\/wp\/v2\/product\/17702","targetHints":{"allow":["GET"]}}],"collection":[{"href":"https:\/\/ursus.ee\/en\/wp-json\/wp\/v2\/product"}],"about":[{"href":"https:\/\/ursus.ee\/en\/wp-json\/wp\/v2\/types\/product"}],"replies":[{"embeddable":true,"href":"https:\/\/ursus.ee\/en\/wp-json\/wp\/v2\/comments?post=17702"}],"wp:featuredmedia":[{"embeddable":true,"href":"https:\/\/ursus.ee\/en\/wp-json\/wp\/v2\/media\/16693"}],"wp:attachment":[{"href":"https:\/\/ursus.ee\/en\/wp-json\/wp\/v2\/media?parent=17702"}],"wp:term":[{"taxonomy":"product_brand","embeddable":true,"href":"https:\/\/ursus.ee\/en\/wp-json\/wp\/v2\/product_brand?post=17702"},{"taxonomy":"product_cat","embeddable":true,"href":"https:\/\/ursus.ee\/en\/wp-json\/wp\/v2\/product_cat?post=17702"},{"taxonomy":"product_tag","embeddable":true,"href":"https:\/\/ursus.ee\/en\/wp-json\/wp\/v2\/product_tag?post=17702"}],"curies":[{"name":"wp","href":"https:\/\/api.w.org\/{rel}","templated":true}]}}