{"id":17701,"date":"2026-04-16T17:10:28","date_gmt":"2026-04-16T14:10:28","guid":{"rendered":"https:\/\/ursus.ee\/toode\/saase-ja-puugitorjepihusti-2\/"},"modified":"2026-04-20T15:08:22","modified_gmt":"2026-04-20T12:08:22","slug":"saase-ja-puugitorjepihusti-2","status":"publish","type":"product","link":"https:\/\/ursus.ee\/en\/toode\/saase-ja-puugitorjepihusti-2\/","title":{"rendered":"S\u00e4\u00e4se- ja puugit\u00f5rjepihusti"},"content":{"rendered":"<p>Efektiivne peletusvahend, mida v\u00f5ib kasutada nii nahal kui ka riietel. Tagab efektiivse kaitse s\u00e4\u00e4skede eest kuni 8 h ja puukide eest kuni 4 h, andes samas ka kaitse nende putukate poolt edasikantavate haiguste eest, nt meningiit ja Lyme&#8217;i t\u00f5bi.<\/p>\n<p>KASUTAMINE:<br \/>\nHoidke 15 cm kaugusel ning pihustage riietele ja hammustuste eest kaitsmata nahale. \u00dcks pihustuskord peaks kestma 10-15 sekundit. \u00a0N\u00e4o ja kaela puhul pihustage esmalt toodet k\u00e4ele ja seej\u00e4rel kandke see n\u00e4ole ja kaelale. Vajadusel korrake protseduuri veel \u00fcks kord.<\/p>\n","protected":false},"excerpt":{"rendered":"<p>Efektiivne peletusvahend, mida v\u00f5ib kasutada nii nahal kui ka riietel. Tagab efektiivse kaitse s\u00e4\u00e4skede eest kuni 8 h ja puukide eest kuni 4 h, andes samas ka kaitse nende putukate poolt edasikantavate haiguste eest, nt meningiit ja Lyme&#8217;i t\u00f5bi. KASUTAMINE: Hoidke 15 cm kaugusel ning pihustage riietele ja hammustuste eest kaitsmata nahale. \u00dcks pihustuskord peaks<\/p>\n","protected":false},"featured_media":16690,"comment_status":"closed","ping_status":"open","template":"","meta":{"_acf_changed":false},"product_brand":[732],"product_cat":[512,734],"product_tag":[],"class_list":{"0":"post-17701","1":"product","2":"type-product","3":"status-publish","4":"has-post-thumbnail","6":"product_brand-bros","7":"product_cat-majapidamistarbed","8":"product_cat-aiakaubad","9":"pa_kogus-50-ml","10":"pa_koostis-deet-15-lemon-eucalyptus-oil-hydrated-cyclized-0-01","11":"pa_paritolumaa-poola","12":"pa_uhik-ml","14":"first","15":"instock","16":"taxable","17":"shipping-taxable","18":"purchasable","19":"product-type-simple"},"acf":[],"_links":{"self":[{"href":"https:\/\/ursus.ee\/en\/wp-json\/wp\/v2\/product\/17701","targetHints":{"allow":["GET"]}}],"collection":[{"href":"https:\/\/ursus.ee\/en\/wp-json\/wp\/v2\/product"}],"about":[{"href":"https:\/\/ursus.ee\/en\/wp-json\/wp\/v2\/types\/product"}],"replies":[{"embeddable":true,"href":"https:\/\/ursus.ee\/en\/wp-json\/wp\/v2\/comments?post=17701"}],"wp:featuredmedia":[{"embeddable":true,"href":"https:\/\/ursus.ee\/en\/wp-json\/wp\/v2\/media\/16690"}],"wp:attachment":[{"href":"https:\/\/ursus.ee\/en\/wp-json\/wp\/v2\/media?parent=17701"}],"wp:term":[{"taxonomy":"product_brand","embeddable":true,"href":"https:\/\/ursus.ee\/en\/wp-json\/wp\/v2\/product_brand?post=17701"},{"taxonomy":"product_cat","embeddable":true,"href":"https:\/\/ursus.ee\/en\/wp-json\/wp\/v2\/product_cat?post=17701"},{"taxonomy":"product_tag","embeddable":true,"href":"https:\/\/ursus.ee\/en\/wp-json\/wp\/v2\/product_tag?post=17701"}],"curies":[{"name":"wp","href":"https:\/\/api.w.org\/{rel}","templated":true}]}}