{"id":17700,"date":"2026-04-16T17:10:28","date_gmt":"2026-04-16T14:10:28","guid":{"rendered":"https:\/\/ursus.ee\/toode\/saase-ja-puugitorje-aerosool-max\/"},"modified":"2026-04-20T15:08:22","modified_gmt":"2026-04-20T12:08:22","slug":"saase-ja-puugitorje-aerosool-max","status":"publish","type":"product","link":"https:\/\/ursus.ee\/en\/toode\/saase-ja-puugitorje-aerosool-max\/","title":{"rendered":"S\u00e4\u00e4se-ja puugit\u00f5rje aerosool MAX"},"content":{"rendered":"<p>Erakordselt efektiivne s\u00e4\u00e4skede, puukide ja muude hammustavate putukate peletusvahend. T\u00e4nu suuremale toimeaine DEET (kuni 30%) kontsentratsioonile tagab see pikaajalise kaitse putukate ja samas ka nende levitatavate haiguste, nt meningiit ja Lyme&#8217;i t\u00f5bi, vastu. <\/p>\n<p>KASUTAMINE:<br \/>\nHoidke 15 cm kaugusel ning pihustage riietele ja hammustuste eest kaitsmata nahale. \u00dcks pihustuskord peaks kestma 10-15 sekundit. \u00a0N\u00e4o ja kaela puhul pihustage esmalt toodet k\u00e4ele ja seej\u00e4rel kandke see n\u00e4ole ja kaelale. Vajadusel korrake protseduuri veel \u00fcks kord.<\/p>\n","protected":false},"excerpt":{"rendered":"<p>Erakordselt efektiivne s\u00e4\u00e4skede, puukide ja muude hammustavate putukate peletusvahend. T\u00e4nu suuremale toimeaine DEET (kuni 30%) kontsentratsioonile tagab see pikaajalise kaitse putukate ja samas ka nende levitatavate haiguste, nt meningiit ja Lyme&#8217;i t\u00f5bi, vastu. KASUTAMINE: Hoidke 15 cm kaugusel ning pihustage riietele ja hammustuste eest kaitsmata nahale. \u00dcks pihustuskord peaks kestma 10-15 sekundit. \u00a0N\u00e4o ja kaela<\/p>\n","protected":false},"featured_media":16687,"comment_status":"closed","ping_status":"open","template":"","meta":{"_acf_changed":false},"product_brand":[732],"product_cat":[512,734],"product_tag":[],"class_list":{"0":"post-17700","1":"product","2":"type-product","3":"status-publish","4":"has-post-thumbnail","6":"product_brand-bros","7":"product_cat-majapidamistarbed","8":"product_cat-aiakaubad","9":"pa_kogus-90-ml","10":"pa_koostis-deet-30-cit-001","11":"pa_paritolumaa-poola","12":"pa_uhik-ml","14":"first","15":"instock","16":"taxable","17":"shipping-taxable","18":"purchasable","19":"product-type-simple"},"acf":[],"_links":{"self":[{"href":"https:\/\/ursus.ee\/en\/wp-json\/wp\/v2\/product\/17700","targetHints":{"allow":["GET"]}}],"collection":[{"href":"https:\/\/ursus.ee\/en\/wp-json\/wp\/v2\/product"}],"about":[{"href":"https:\/\/ursus.ee\/en\/wp-json\/wp\/v2\/types\/product"}],"replies":[{"embeddable":true,"href":"https:\/\/ursus.ee\/en\/wp-json\/wp\/v2\/comments?post=17700"}],"wp:featuredmedia":[{"embeddable":true,"href":"https:\/\/ursus.ee\/en\/wp-json\/wp\/v2\/media\/16687"}],"wp:attachment":[{"href":"https:\/\/ursus.ee\/en\/wp-json\/wp\/v2\/media?parent=17700"}],"wp:term":[{"taxonomy":"product_brand","embeddable":true,"href":"https:\/\/ursus.ee\/en\/wp-json\/wp\/v2\/product_brand?post=17700"},{"taxonomy":"product_cat","embeddable":true,"href":"https:\/\/ursus.ee\/en\/wp-json\/wp\/v2\/product_cat?post=17700"},{"taxonomy":"product_tag","embeddable":true,"href":"https:\/\/ursus.ee\/en\/wp-json\/wp\/v2\/product_tag?post=17700"}],"curies":[{"name":"wp","href":"https:\/\/api.w.org\/{rel}","templated":true}]}}