{"id":17692,"date":"2026-04-16T17:10:28","date_gmt":"2026-04-16T14:10:28","guid":{"rendered":"https:\/\/ursus.ee\/toode\/vedelvaetis-koogiviljadele\/"},"modified":"2026-04-20T15:14:32","modified_gmt":"2026-04-20T12:14:32","slug":"vedelvaetis-koogiviljadele","status":"publish","type":"product","link":"https:\/\/ursus.ee\/en\/toode\/vedelvaetis-koogiviljadele\/","title":{"rendered":"Vedelv\u00e4etis k\u00f6\u00f6giviljadele"},"content":{"rendered":"<p>Uuenduslik, mitmekomponentne vedelv\u00e4etis unikaalse toitainete koostisega. Kaalium toetab viljumist ja viljade valmimist. Hoolikalt m\u00e4\u00e4ratud l\u00e4mmastikusisaldus soodustab optimaalset kasvu ja arengut ilma nitraatide liigse kuhjumiseta.<\/p>\n","protected":false},"excerpt":{"rendered":"<p>Uuenduslik, mitmekomponentne vedelv\u00e4etis unikaalse toitainete koostisega. Kaalium toetab viljumist ja viljade valmimist. Hoolikalt m\u00e4\u00e4ratud l\u00e4mmastikusisaldus soodustab optimaalset kasvu ja arengut ilma nitraatide liigse kuhjumiseta.<\/p>\n","protected":false},"featured_media":16663,"comment_status":"closed","ping_status":"open","template":"","meta":{"_acf_changed":false},"product_brand":[738],"product_cat":[512,734],"product_tag":[],"class_list":{"0":"post-17692","1":"product","2":"type-product","3":"status-publish","4":"has-post-thumbnail","6":"product_brand-biopon","7":"product_cat-majapidamistarbed","8":"product_cat-aiakaubad","9":"pa_kogus-500-ml","10":"pa_koostis-npk-5466-b-002-cu-0002-fe-002-mn-0015-mo-0002-zn-0015","11":"pa_paritolumaa-poola","12":"pa_uhik-ml","14":"first","15":"instock","16":"taxable","17":"shipping-taxable","18":"purchasable","19":"product-type-simple"},"acf":[],"_links":{"self":[{"href":"https:\/\/ursus.ee\/en\/wp-json\/wp\/v2\/product\/17692","targetHints":{"allow":["GET"]}}],"collection":[{"href":"https:\/\/ursus.ee\/en\/wp-json\/wp\/v2\/product"}],"about":[{"href":"https:\/\/ursus.ee\/en\/wp-json\/wp\/v2\/types\/product"}],"replies":[{"embeddable":true,"href":"https:\/\/ursus.ee\/en\/wp-json\/wp\/v2\/comments?post=17692"}],"wp:featuredmedia":[{"embeddable":true,"href":"https:\/\/ursus.ee\/en\/wp-json\/wp\/v2\/media\/16663"}],"wp:attachment":[{"href":"https:\/\/ursus.ee\/en\/wp-json\/wp\/v2\/media?parent=17692"}],"wp:term":[{"taxonomy":"product_brand","embeddable":true,"href":"https:\/\/ursus.ee\/en\/wp-json\/wp\/v2\/product_brand?post=17692"},{"taxonomy":"product_cat","embeddable":true,"href":"https:\/\/ursus.ee\/en\/wp-json\/wp\/v2\/product_cat?post=17692"},{"taxonomy":"product_tag","embeddable":true,"href":"https:\/\/ursus.ee\/en\/wp-json\/wp\/v2\/product_tag?post=17692"}],"curies":[{"name":"wp","href":"https:\/\/api.w.org\/{rel}","templated":true}]}}