{"id":17691,"date":"2026-04-16T17:10:28","date_gmt":"2026-04-16T14:10:28","guid":{"rendered":"https:\/\/ursus.ee\/toode\/aerosoolmurk-herilastele\/"},"modified":"2026-04-20T15:05:42","modified_gmt":"2026-04-20T12:05:42","slug":"aerosoolmurk-herilastele","status":"publish","type":"product","link":"https:\/\/ursus.ee\/en\/toode\/aerosoolmurk-herilastele\/","title":{"rendered":"Aerosoolm\u00fcrk herilastele"},"content":{"rendered":"<p>Aerosool herilaste, vapsikute ja nende pesade h\u00e4vitamiseks aias, terrassil, r\u00f5dul, p\u00f6\u00f6ningul jms kohtades. T\u00e4nu pihusti spetsiaalsele disainile saab pihustada ohutult isegi kuni 5 m kauguselt, mis hoiab \u00e4ra otsese kokkupuute putukatega. Toode toimib koheselt ja p\u00fcsib efektiivne mitu p\u00e4eva.<\/p>\n<p>KASUTAMINE:<br \/>\nRaputage enne kasutamist. Pihustage hoolikalt pesale ja selle sissep\u00e4\u00e4sule. Hoidke umbes 5 m kaugusel ja pihustage allatuult hommikul ja \u00f5htul, kui putukad on v\u00e4hem aktiivsed. Pesa ei tohi eemaldada enne 24 tunni m\u00f6\u00f6dumist protseduuri algusest. Toode h\u00e4vitab pesasse naasvaid herilasi ja vapsikuid isegi mitu p\u00e4eva p\u00e4rast kasutamist.<\/p>\n","protected":false},"excerpt":{"rendered":"<p>Aerosool herilaste, vapsikute ja nende pesade h\u00e4vitamiseks aias, terrassil, r\u00f5dul, p\u00f6\u00f6ningul jms kohtades. T\u00e4nu pihusti spetsiaalsele disainile saab pihustada ohutult isegi kuni 5 m kauguselt, mis hoiab \u00e4ra otsese kokkupuute putukatega. Toode toimib koheselt ja p\u00fcsib efektiivne mitu p\u00e4eva. KASUTAMINE: Raputage enne kasutamist. Pihustage hoolikalt pesale ja selle sissep\u00e4\u00e4sule. Hoidke umbes 5 m kaugusel ja<\/p>\n","protected":false},"featured_media":16660,"comment_status":"closed","ping_status":"closed","template":"","meta":{"_acf_changed":false},"product_brand":[732],"product_cat":[512,734],"product_tag":[],"class_list":{"0":"post-17691","1":"product","2":"type-product","3":"status-publish","4":"has-post-thumbnail","6":"product_brand-bros","7":"product_cat-majapidamistarbed","8":"product_cat-aiakaubad","9":"pa_kogus-300-ml","10":"pa_koostis-praletryna-008-permetryna-03-pbo-09","11":"pa_paritolumaa-poola","12":"pa_uhik-ml","14":"first","15":"instock","16":"taxable","17":"shipping-taxable","18":"purchasable","19":"product-type-simple"},"acf":[],"_links":{"self":[{"href":"https:\/\/ursus.ee\/en\/wp-json\/wp\/v2\/product\/17691","targetHints":{"allow":["GET"]}}],"collection":[{"href":"https:\/\/ursus.ee\/en\/wp-json\/wp\/v2\/product"}],"about":[{"href":"https:\/\/ursus.ee\/en\/wp-json\/wp\/v2\/types\/product"}],"replies":[{"embeddable":true,"href":"https:\/\/ursus.ee\/en\/wp-json\/wp\/v2\/comments?post=17691"}],"wp:featuredmedia":[{"embeddable":true,"href":"https:\/\/ursus.ee\/en\/wp-json\/wp\/v2\/media\/16660"}],"wp:attachment":[{"href":"https:\/\/ursus.ee\/en\/wp-json\/wp\/v2\/media?parent=17691"}],"wp:term":[{"taxonomy":"product_brand","embeddable":true,"href":"https:\/\/ursus.ee\/en\/wp-json\/wp\/v2\/product_brand?post=17691"},{"taxonomy":"product_cat","embeddable":true,"href":"https:\/\/ursus.ee\/en\/wp-json\/wp\/v2\/product_cat?post=17691"},{"taxonomy":"product_tag","embeddable":true,"href":"https:\/\/ursus.ee\/en\/wp-json\/wp\/v2\/product_tag?post=17691"}],"curies":[{"name":"wp","href":"https:\/\/api.w.org\/{rel}","templated":true}]}}