{"id":17690,"date":"2026-04-16T17:10:28","date_gmt":"2026-04-16T14:10:28","guid":{"rendered":"https:\/\/ursus.ee\/toode\/putukahammustusejargne-geel\/"},"modified":"2026-04-20T15:08:21","modified_gmt":"2026-04-20T12:08:21","slug":"putukahammustusejargne-geel","status":"publish","type":"product","link":"https:\/\/ursus.ee\/en\/toode\/putukahammustusejargne-geel\/","title":{"rendered":"Putukahammustusej\u00e4rgne geel"},"content":{"rendered":"<p>Toode leevendab efektiivselt herilase ja mesilase n\u00f5elamise, s\u00e4\u00e4se- ja muude putukate hammustuste m\u00f5ju. Leevendab koheselt \u00e4rritunud nahka. See leevendab ka n\u00f5gesek\u00f5rvetusest tingitud ebamugavust. Geelil on rahustav ja meeldivalt jahutav toime ja leevendab intensiivselt naha\u00e4rritust. K\u00e4ep\u00e4rane pihusti v\u00f5imaldab toodet kiiresti ja mugavalt peale kanda.<\/p>\n<p>KASUTAMINE:<br \/>\nM\u00e4\u00e4rige geeli putukahammustustele. Kasutage mitu korda p\u00e4evas.<\/p>\n","protected":false},"excerpt":{"rendered":"<p>Toode leevendab efektiivselt herilase ja mesilase n\u00f5elamise, s\u00e4\u00e4se- ja muude putukate hammustuste m\u00f5ju. Leevendab koheselt \u00e4rritunud nahka. See leevendab ka n\u00f5gesek\u00f5rvetusest tingitud ebamugavust. Geelil on rahustav ja meeldivalt jahutav toime ja leevendab intensiivselt naha\u00e4rritust. K\u00e4ep\u00e4rane pihusti v\u00f5imaldab toodet kiiresti ja mugavalt peale kanda. KASUTAMINE: M\u00e4\u00e4rige geeli putukahammustustele. Kasutage mitu korda p\u00e4evas.<\/p>\n","protected":false},"featured_media":16657,"comment_status":"closed","ping_status":"open","template":"","meta":{"_acf_changed":false},"product_brand":[732],"product_cat":[512,734],"product_tag":[],"class_list":{"0":"post-17690","1":"product","2":"type-product","3":"status-publish","4":"has-post-thumbnail","6":"product_brand-bros","7":"product_cat-majapidamistarbed","8":"product_cat-aiakaubad","9":"pa_kogus-50-ml","10":"pa_koostis-aqua-alcohol-denat-camphor-aloe-barbadensis-leaf-juice-menthol-isopropyl-alcohol-acrylates-c10-30-alkyl-acrylate-crosspolymer-triethanolamine-sodium-benzoate-potassium-sorbate-denatonium","11":"pa_paritolumaa-poola","12":"pa_uhik-ml","14":"first","15":"instock","16":"taxable","17":"shipping-taxable","18":"purchasable","19":"product-type-simple"},"acf":[],"_links":{"self":[{"href":"https:\/\/ursus.ee\/en\/wp-json\/wp\/v2\/product\/17690","targetHints":{"allow":["GET"]}}],"collection":[{"href":"https:\/\/ursus.ee\/en\/wp-json\/wp\/v2\/product"}],"about":[{"href":"https:\/\/ursus.ee\/en\/wp-json\/wp\/v2\/types\/product"}],"replies":[{"embeddable":true,"href":"https:\/\/ursus.ee\/en\/wp-json\/wp\/v2\/comments?post=17690"}],"wp:featuredmedia":[{"embeddable":true,"href":"https:\/\/ursus.ee\/en\/wp-json\/wp\/v2\/media\/16657"}],"wp:attachment":[{"href":"https:\/\/ursus.ee\/en\/wp-json\/wp\/v2\/media?parent=17690"}],"wp:term":[{"taxonomy":"product_brand","embeddable":true,"href":"https:\/\/ursus.ee\/en\/wp-json\/wp\/v2\/product_brand?post=17690"},{"taxonomy":"product_cat","embeddable":true,"href":"https:\/\/ursus.ee\/en\/wp-json\/wp\/v2\/product_cat?post=17690"},{"taxonomy":"product_tag","embeddable":true,"href":"https:\/\/ursus.ee\/en\/wp-json\/wp\/v2\/product_tag?post=17690"}],"curies":[{"name":"wp","href":"https:\/\/api.w.org\/{rel}","templated":true}]}}