{"id":17689,"date":"2026-04-16T17:10:19","date_gmt":"2026-04-16T14:10:19","guid":{"rendered":"https:\/\/ursus.ee\/toode\/saasetorjespiraal\/"},"modified":"2026-04-20T15:08:23","modified_gmt":"2026-04-20T12:08:23","slug":"saasetorjespiraal","status":"publish","type":"product","link":"https:\/\/ursus.ee\/en\/toode\/saasetorjespiraal\/","title":{"rendered":"S\u00e4\u00e4set\u00f5rjespiraal"},"content":{"rendered":"<p>Efektiivne moodus t\u00fc\u00fctute s\u00e4\u00e4skede ja kihulaste peletamiseks. S\u00e4\u00e4set\u00f5rjesuits annab suve\u00f6\u00f6deks mitu tundi kestva kaitse. Kasutamiseks v\u00e4liskeskkonnas.<\/p>\n","protected":false},"excerpt":{"rendered":"<p>Efektiivne moodus t\u00fc\u00fctute s\u00e4\u00e4skede ja kihulaste peletamiseks. S\u00e4\u00e4set\u00f5rjesuits annab suve\u00f6\u00f6deks mitu tundi kestva kaitse. Kasutamiseks v\u00e4liskeskkonnas.<\/p>\n","protected":false},"featured_media":16654,"comment_status":"closed","ping_status":"open","template":"","meta":{"_acf_changed":false},"product_brand":[732],"product_cat":[512,734],"product_tag":[],"class_list":{"0":"post-17689","1":"product","2":"type-product","3":"status-publish","4":"has-post-thumbnail","6":"product_brand-bros","7":"product_cat-majapidamistarbed","8":"product_cat-aiakaubad","9":"pa_kogus-10-tk","10":"pa_koostis-praletryna-01","11":"pa_paritolumaa-poola","12":"pa_uhik-tk","14":"first","15":"instock","16":"taxable","17":"shipping-taxable","18":"purchasable","19":"product-type-simple"},"acf":[],"_links":{"self":[{"href":"https:\/\/ursus.ee\/en\/wp-json\/wp\/v2\/product\/17689","targetHints":{"allow":["GET"]}}],"collection":[{"href":"https:\/\/ursus.ee\/en\/wp-json\/wp\/v2\/product"}],"about":[{"href":"https:\/\/ursus.ee\/en\/wp-json\/wp\/v2\/types\/product"}],"replies":[{"embeddable":true,"href":"https:\/\/ursus.ee\/en\/wp-json\/wp\/v2\/comments?post=17689"}],"wp:featuredmedia":[{"embeddable":true,"href":"https:\/\/ursus.ee\/en\/wp-json\/wp\/v2\/media\/16654"}],"wp:attachment":[{"href":"https:\/\/ursus.ee\/en\/wp-json\/wp\/v2\/media?parent=17689"}],"wp:term":[{"taxonomy":"product_brand","embeddable":true,"href":"https:\/\/ursus.ee\/en\/wp-json\/wp\/v2\/product_brand?post=17689"},{"taxonomy":"product_cat","embeddable":true,"href":"https:\/\/ursus.ee\/en\/wp-json\/wp\/v2\/product_cat?post=17689"},{"taxonomy":"product_tag","embeddable":true,"href":"https:\/\/ursus.ee\/en\/wp-json\/wp\/v2\/product_tag?post=17689"}],"curies":[{"name":"wp","href":"https:\/\/api.w.org\/{rel}","templated":true}]}}