{"id":17688,"date":"2026-04-16T17:10:19","date_gmt":"2026-04-16T14:10:19","guid":{"rendered":"https:\/\/ursus.ee\/toode\/mutitorjuja-sonic-solar\/"},"modified":"2026-04-20T15:05:49","modified_gmt":"2026-04-20T12:05:49","slug":"mutitorjuja-sonic-solar","status":"publish","type":"product","link":"https:\/\/ursus.ee\/en\/toode\/mutitorjuja-sonic-solar\/","title":{"rendered":"Mutit\u00f5rjuja Sonic Solar"},"content":{"rendered":"<p>P\u00e4ikesetoitega mutipeletaja. Aku v\u00f5imaldab seadme pidevat t\u00f6\u00f6tamist nii p\u00e4eval kui ka \u00f6\u00f6sel. Kiiratavad helilained ja vibratsioon peletavad efektiivselt kahjureid.<\/p>\n","protected":false},"excerpt":{"rendered":"<p>P\u00e4ikesetoitega mutipeletaja. Aku v\u00f5imaldab seadme pidevat t\u00f6\u00f6tamist nii p\u00e4eval kui ka \u00f6\u00f6sel. Kiiratavad helilained ja vibratsioon peletavad efektiivselt kahjureid.<\/p>\n","protected":false},"featured_media":16651,"comment_status":"closed","ping_status":"open","template":"","meta":{"_acf_changed":false},"product_brand":[732],"product_cat":[512,734],"product_tag":[],"class_list":{"0":"post-17688","1":"product","2":"type-product","3":"status-publish","4":"has-post-thumbnail","6":"product_brand-bros","7":"product_cat-majapidamistarbed","8":"product_cat-aiakaubad","9":"pa_kogus-1-tk","10":"pa_paritolumaa-poola","11":"pa_uhik-tk","13":"first","14":"instock","15":"taxable","16":"shipping-taxable","17":"purchasable","18":"product-type-simple"},"acf":[],"_links":{"self":[{"href":"https:\/\/ursus.ee\/en\/wp-json\/wp\/v2\/product\/17688","targetHints":{"allow":["GET"]}}],"collection":[{"href":"https:\/\/ursus.ee\/en\/wp-json\/wp\/v2\/product"}],"about":[{"href":"https:\/\/ursus.ee\/en\/wp-json\/wp\/v2\/types\/product"}],"replies":[{"embeddable":true,"href":"https:\/\/ursus.ee\/en\/wp-json\/wp\/v2\/comments?post=17688"}],"wp:featuredmedia":[{"embeddable":true,"href":"https:\/\/ursus.ee\/en\/wp-json\/wp\/v2\/media\/16651"}],"wp:attachment":[{"href":"https:\/\/ursus.ee\/en\/wp-json\/wp\/v2\/media?parent=17688"}],"wp:term":[{"taxonomy":"product_brand","embeddable":true,"href":"https:\/\/ursus.ee\/en\/wp-json\/wp\/v2\/product_brand?post=17688"},{"taxonomy":"product_cat","embeddable":true,"href":"https:\/\/ursus.ee\/en\/wp-json\/wp\/v2\/product_cat?post=17688"},{"taxonomy":"product_tag","embeddable":true,"href":"https:\/\/ursus.ee\/en\/wp-json\/wp\/v2\/product_tag?post=17688"}],"curies":[{"name":"wp","href":"https:\/\/api.w.org\/{rel}","templated":true}]}}