{"id":17687,"date":"2026-04-16T17:10:19","date_gmt":"2026-04-16T14:10:19","guid":{"rendered":"https:\/\/ursus.ee\/toode\/puugitorje-aerosool-riietele-20-paevane-kaitse\/"},"modified":"2026-04-20T15:08:22","modified_gmt":"2026-04-20T12:08:22","slug":"puugitorje-aerosool-riietele-20-paevane-kaitse","status":"publish","type":"product","link":"https:\/\/ursus.ee\/en\/toode\/puugitorje-aerosool-riietele-20-paevane-kaitse\/","title":{"rendered":"Puugit\u00f5rje aerosool riietele 20-p\u00e4evane kaitse"},"content":{"rendered":"<p>Kaitseb puukide ja nende levitatavate haiguste eest. Riietele ja jalan\u00f5udele kandes toimib see kahel viisil: peletab ja lisaks ka tapab puugid. Efektiivne kohe p\u00e4rast pealekandmist ja toime kestab erakordselt kaua \u2013 kuni 20 p\u00e4eva. Pihusti on ideaalne kaitse kalameestele, seenelistele ja metsa vaikuses jalutada armastavatele inimestele. <\/p>\n<p>KASUTAMINE:<br \/>\nLoksutage enne kasutamist. Pihustage \u00fchtlaselt 15 cm kauguselt r\u00f5ivastele ja jalan\u00f5udele. Ei kahjusta villa, puuvilla ega nailonit. Valige mitten\u00e4htav pind ja kontrollige , kas pihusti kahjustab muid s\u00fcnteetilisi kangaid v\u00f5i plasti.<\/p>\n","protected":false},"excerpt":{"rendered":"<p>Kaitseb puukide ja nende levitatavate haiguste eest. Riietele ja jalan\u00f5udele kandes toimib see kahel viisil: peletab ja lisaks ka tapab puugid. Efektiivne kohe p\u00e4rast pealekandmist ja toime kestab erakordselt kaua \u2013 kuni 20 p\u00e4eva. Pihusti on ideaalne kaitse kalameestele, seenelistele ja metsa vaikuses jalutada armastavatele inimestele. KASUTAMINE: Loksutage enne kasutamist. Pihustage \u00fchtlaselt 15 cm kauguselt<\/p>\n","protected":false},"featured_media":16648,"comment_status":"closed","ping_status":"open","template":"","meta":{"_acf_changed":false},"product_brand":[732],"product_cat":[512,734],"product_tag":[],"class_list":{"0":"post-17687","1":"product","2":"type-product","3":"status-publish","4":"has-post-thumbnail","6":"product_brand-bros","7":"product_cat-majapidamistarbed","8":"product_cat-aiakaubad","9":"pa_kogus-90-ml","10":"pa_koostis-deet-20-deltametriin-0025-sidruni-eukaluptioli-001-geraniool-001","11":"pa_paritolumaa-poola","12":"pa_uhik-ml","14":"first","15":"instock","16":"taxable","17":"shipping-taxable","18":"purchasable","19":"product-type-simple"},"acf":[],"_links":{"self":[{"href":"https:\/\/ursus.ee\/en\/wp-json\/wp\/v2\/product\/17687","targetHints":{"allow":["GET"]}}],"collection":[{"href":"https:\/\/ursus.ee\/en\/wp-json\/wp\/v2\/product"}],"about":[{"href":"https:\/\/ursus.ee\/en\/wp-json\/wp\/v2\/types\/product"}],"replies":[{"embeddable":true,"href":"https:\/\/ursus.ee\/en\/wp-json\/wp\/v2\/comments?post=17687"}],"wp:featuredmedia":[{"embeddable":true,"href":"https:\/\/ursus.ee\/en\/wp-json\/wp\/v2\/media\/16648"}],"wp:attachment":[{"href":"https:\/\/ursus.ee\/en\/wp-json\/wp\/v2\/media?parent=17687"}],"wp:term":[{"taxonomy":"product_brand","embeddable":true,"href":"https:\/\/ursus.ee\/en\/wp-json\/wp\/v2\/product_brand?post=17687"},{"taxonomy":"product_cat","embeddable":true,"href":"https:\/\/ursus.ee\/en\/wp-json\/wp\/v2\/product_cat?post=17687"},{"taxonomy":"product_tag","embeddable":true,"href":"https:\/\/ursus.ee\/en\/wp-json\/wp\/v2\/product_tag?post=17687"}],"curies":[{"name":"wp","href":"https:\/\/api.w.org\/{rel}","templated":true}]}}