{"id":17686,"date":"2026-04-16T17:10:19","date_gmt":"2026-04-16T14:10:19","guid":{"rendered":"https:\/\/ursus.ee\/toode\/elektriline-saasetorje-vedelikuga\/"},"modified":"2026-04-20T15:05:36","modified_gmt":"2026-04-20T12:05:36","slug":"elektriline-saasetorje-vedelikuga","status":"publish","type":"product","link":"https:\/\/ursus.ee\/en\/toode\/elektriline-saasetorje-vedelikuga\/","title":{"rendered":"Elektriline s\u00e4\u00e4set\u00f5rje vedelikuga"},"content":{"rendered":"<p>Elektriline t\u00e4itevedelikuga fumigaator annab \u00f6\u00f6sel efektiivse kaitse valguse peale kogunenud s\u00e4\u00e4skede vastu. Seadme elektriv\u00f5rku \u00fchendamisel hakkab toimeaine aurustuma, mis h\u00e4vitab juba ruumis olevad putukad ja takistab uute putukate ruumi lendamist. Toimeaine pikaajaline m\u00f5ju tagab rahuliku une kuni 60 \u00f6\u00f6ks isegi avatud akna korral. Saadaval on t\u00e4itevedelikud. Seade toimib ka s\u00e4\u00e4sepeletust\u00e4idisega.<\/p>\n","protected":false},"excerpt":{"rendered":"<p>Elektriline t\u00e4itevedelikuga fumigaator annab \u00f6\u00f6sel efektiivse kaitse valguse peale kogunenud s\u00e4\u00e4skede vastu. Seadme elektriv\u00f5rku \u00fchendamisel hakkab toimeaine aurustuma, mis h\u00e4vitab juba ruumis olevad putukad ja takistab uute putukate ruumi lendamist. Toimeaine pikaajaline m\u00f5ju tagab rahuliku une kuni 60 \u00f6\u00f6ks isegi avatud akna korral. Saadaval on t\u00e4itevedelikud. Seade toimib ka s\u00e4\u00e4sepeletust\u00e4idisega.<\/p>\n","protected":false},"featured_media":16645,"comment_status":"closed","ping_status":"open","template":"","meta":{"_acf_changed":false},"product_brand":[732],"product_cat":[512,734],"product_tag":[],"class_list":{"0":"post-17686","1":"product","2":"type-product","3":"status-publish","4":"has-post-thumbnail","6":"product_brand-bros","7":"product_cat-majapidamistarbed","8":"product_cat-aiakaubad","9":"pa_kogus-1-tk","10":"pa_koostis-praletryna-1","11":"pa_paritolumaa-poola","12":"pa_uhik-tk","14":"first","15":"instock","16":"taxable","17":"shipping-taxable","18":"purchasable","19":"product-type-simple"},"acf":[],"_links":{"self":[{"href":"https:\/\/ursus.ee\/en\/wp-json\/wp\/v2\/product\/17686","targetHints":{"allow":["GET"]}}],"collection":[{"href":"https:\/\/ursus.ee\/en\/wp-json\/wp\/v2\/product"}],"about":[{"href":"https:\/\/ursus.ee\/en\/wp-json\/wp\/v2\/types\/product"}],"replies":[{"embeddable":true,"href":"https:\/\/ursus.ee\/en\/wp-json\/wp\/v2\/comments?post=17686"}],"wp:featuredmedia":[{"embeddable":true,"href":"https:\/\/ursus.ee\/en\/wp-json\/wp\/v2\/media\/16645"}],"wp:attachment":[{"href":"https:\/\/ursus.ee\/en\/wp-json\/wp\/v2\/media?parent=17686"}],"wp:term":[{"taxonomy":"product_brand","embeddable":true,"href":"https:\/\/ursus.ee\/en\/wp-json\/wp\/v2\/product_brand?post=17686"},{"taxonomy":"product_cat","embeddable":true,"href":"https:\/\/ursus.ee\/en\/wp-json\/wp\/v2\/product_cat?post=17686"},{"taxonomy":"product_tag","embeddable":true,"href":"https:\/\/ursus.ee\/en\/wp-json\/wp\/v2\/product_tag?post=17686"}],"curies":[{"name":"wp","href":"https:\/\/api.w.org\/{rel}","templated":true}]}}