{"id":17684,"date":"2026-04-16T17:10:19","date_gmt":"2026-04-16T14:10:19","guid":{"rendered":"https:\/\/ursus.ee\/toode\/saasetorjevahend-lastele-pumppihustiga\/"},"modified":"2026-04-20T15:08:23","modified_gmt":"2026-04-20T12:08:23","slug":"saasetorjevahend-lastele-pumppihustiga","status":"publish","type":"product","link":"https:\/\/ursus.ee\/en\/toode\/saasetorjevahend-lastele-pumppihustiga\/","title":{"rendered":"S\u00e4\u00e4set\u00f5rjevahend lastele pumppihustiga"},"content":{"rendered":"<p>Toode annab kuni 6-tunnise efektiivse kaitse s\u00e4\u00e4skede vastu. Vedeliku hoolikalt valitud koostisosad v\u00f5imaldavad toodet kasutada ka \u00fcle 1 aasta vanustel lastel. Toote erakordselt \u00f5rn koostis ei p\u00f5hjusta isegi tundlikul nahal allergilist reaktsiooni.<\/p>\n<p>KASUTAMINE:<br \/>\nHoidke 15 cm kaugusel ja pihustage hammustuste eest kaitsmata nahale. N\u00e4o ja kaela puhul pihustage esmalt toodet k\u00e4ele ja seej\u00e4rel kandke see n\u00e4ole ja kaelale. Vajadusel korrake protseduuri veel \u00fcks kord.<\/p>\n","protected":false},"excerpt":{"rendered":"<p>Toode annab kuni 6-tunnise efektiivse kaitse s\u00e4\u00e4skede vastu. Vedeliku hoolikalt valitud koostisosad v\u00f5imaldavad toodet kasutada ka \u00fcle 1 aasta vanustel lastel. Toote erakordselt \u00f5rn koostis ei p\u00f5hjusta isegi tundlikul nahal allergilist reaktsiooni. KASUTAMINE: Hoidke 15 cm kaugusel ja pihustage hammustuste eest kaitsmata nahale. N\u00e4o ja kaela puhul pihustage esmalt toodet k\u00e4ele ja seej\u00e4rel kandke see<\/p>\n","protected":false},"featured_media":16641,"comment_status":"closed","ping_status":"open","template":"","meta":{"_acf_changed":false},"product_brand":[732],"product_cat":[512,734],"product_tag":[],"class_list":{"0":"post-17684","1":"product","2":"type-product","3":"status-publish","4":"has-post-thumbnail","6":"product_brand-bros","7":"product_cat-majapidamistarbed","8":"product_cat-aiakaubad","9":"pa_kogus-50-ml","10":"pa_koostis-ir3535-10-geraniol-0005","11":"pa_paritolumaa-poola","12":"pa_uhik-ml","14":"first","15":"instock","16":"taxable","17":"shipping-taxable","18":"purchasable","19":"product-type-simple"},"acf":[],"_links":{"self":[{"href":"https:\/\/ursus.ee\/en\/wp-json\/wp\/v2\/product\/17684","targetHints":{"allow":["GET"]}}],"collection":[{"href":"https:\/\/ursus.ee\/en\/wp-json\/wp\/v2\/product"}],"about":[{"href":"https:\/\/ursus.ee\/en\/wp-json\/wp\/v2\/types\/product"}],"replies":[{"embeddable":true,"href":"https:\/\/ursus.ee\/en\/wp-json\/wp\/v2\/comments?post=17684"}],"wp:featuredmedia":[{"embeddable":true,"href":"https:\/\/ursus.ee\/en\/wp-json\/wp\/v2\/media\/16641"}],"wp:attachment":[{"href":"https:\/\/ursus.ee\/en\/wp-json\/wp\/v2\/media?parent=17684"}],"wp:term":[{"taxonomy":"product_brand","embeddable":true,"href":"https:\/\/ursus.ee\/en\/wp-json\/wp\/v2\/product_brand?post=17684"},{"taxonomy":"product_cat","embeddable":true,"href":"https:\/\/ursus.ee\/en\/wp-json\/wp\/v2\/product_cat?post=17684"},{"taxonomy":"product_tag","embeddable":true,"href":"https:\/\/ursus.ee\/en\/wp-json\/wp\/v2\/product_tag?post=17684"}],"curies":[{"name":"wp","href":"https:\/\/api.w.org\/{rel}","templated":true}]}}