{"id":17682,"date":"2026-04-16T17:10:19","date_gmt":"2026-04-16T14:10:19","guid":{"rendered":"https:\/\/ursus.ee\/toode\/sipelgapulber-3\/"},"modified":"2026-04-20T15:08:26","modified_gmt":"2026-04-20T12:08:26","slug":"sipelgapulber-3","status":"publish","type":"product","link":"https:\/\/ursus.ee\/en\/toode\/sipelgapulber-3\/","title":{"rendered":"Sipelgapulber"},"content":{"rendered":"<p>Pulber sipelgate t\u00f5rjumiseks ruumides ja nende vahetus l\u00e4heduses: terrassid, k\u00f5nniteed, suvemajad jne. V\u00f5ib kasutada nii pulbri kui ka vesilahusena. Hoolikalt valitud peibuss\u00f6\u00f6t tagab toote k\u00f5rge efektiivsuse.<\/p>\n<p>KASUTAMINE:<br \/>\nPulber: valage umbes 10 g pulbrit pesale v\u00f5i putukate liikumisteedele, kust putukad saavad kanda selle pessa , h\u00e4vitades kogu koloonia.<br \/>\nKastmislahus: lahustada 100g vahendit 2,5 l vees, hoolikalt segada ja seej\u00e4rel koheselt kasutada (umbes 0,5 l lahust pesa kohta). H\u00e4vitab kasutuskohas putukad. Kasutage: hommikul ja \u00f5htul. Sipelgad surevad umbes 24 tunni jooksul p\u00e4rast kasutamist. Kui toode eemaldatakse kasutuspaigast vihmaga, tuleb protseduuri korrata.<\/p>\n<p>OHUTUS:<br \/>\nHoiatus H410 V\u00e4gam\u00fcrgine veeorganismidele, pikaajaline toime. P102 Hoida lastele k\u00e4ttesaamatus kohas. P391 mahavoolanud toode kokku koguda. P501 Sisu \/ konteiner viia ohtlike j\u00e4\u00e4tmete kogusmipunkti. EUH208 Sisaldab permetriini. V\u00f5ib esile kutsuda allergilist reaktsiooni. V\u00e4lja panemisel kaitske toodet lemmikloomade eest.<\/p>\n","protected":false},"excerpt":{"rendered":"<p>Pulber sipelgate t\u00f5rjumiseks ruumides ja nende vahetus l\u00e4heduses: terrassid, k\u00f5nniteed, suvemajad jne. V\u00f5ib kasutada nii pulbri kui ka vesilahusena. Hoolikalt valitud peibuss\u00f6\u00f6t tagab toote k\u00f5rge efektiivsuse. KASUTAMINE: Pulber: valage umbes 10 g pulbrit pesale v\u00f5i putukate liikumisteedele, kust putukad saavad kanda selle pessa , h\u00e4vitades kogu koloonia. Kastmislahus: lahustada 100g vahendit 2,5 l vees, hoolikalt<\/p>\n","protected":false},"featured_media":16638,"comment_status":"closed","ping_status":"open","template":"","meta":{"_acf_changed":false},"product_brand":[732],"product_cat":[512,734],"product_tag":[],"class_list":{"0":"post-17682","1":"product","2":"type-product","3":"status-publish","4":"has-post-thumbnail","6":"product_brand-bros","7":"product_cat-majapidamistarbed","8":"product_cat-aiakaubad","9":"pa_kogus-1-kg","10":"pa_koostis-permetriin-05-05-g-100-g-geraniool-0001-0001-g-100-g","11":"pa_paritolumaa-poola","12":"pa_uhik-kg","14":"first","15":"instock","16":"taxable","17":"shipping-taxable","18":"purchasable","19":"product-type-simple"},"acf":[],"_links":{"self":[{"href":"https:\/\/ursus.ee\/en\/wp-json\/wp\/v2\/product\/17682","targetHints":{"allow":["GET"]}}],"collection":[{"href":"https:\/\/ursus.ee\/en\/wp-json\/wp\/v2\/product"}],"about":[{"href":"https:\/\/ursus.ee\/en\/wp-json\/wp\/v2\/types\/product"}],"replies":[{"embeddable":true,"href":"https:\/\/ursus.ee\/en\/wp-json\/wp\/v2\/comments?post=17682"}],"wp:featuredmedia":[{"embeddable":true,"href":"https:\/\/ursus.ee\/en\/wp-json\/wp\/v2\/media\/16638"}],"wp:attachment":[{"href":"https:\/\/ursus.ee\/en\/wp-json\/wp\/v2\/media?parent=17682"}],"wp:term":[{"taxonomy":"product_brand","embeddable":true,"href":"https:\/\/ursus.ee\/en\/wp-json\/wp\/v2\/product_brand?post=17682"},{"taxonomy":"product_cat","embeddable":true,"href":"https:\/\/ursus.ee\/en\/wp-json\/wp\/v2\/product_cat?post=17682"},{"taxonomy":"product_tag","embeddable":true,"href":"https:\/\/ursus.ee\/en\/wp-json\/wp\/v2\/product_tag?post=17682"}],"curies":[{"name":"wp","href":"https:\/\/api.w.org\/{rel}","templated":true}]}}