{"id":17681,"date":"2026-04-16T17:10:19","date_gmt":"2026-04-16T14:10:19","guid":{"rendered":"https:\/\/ursus.ee\/toode\/uksevork-magnetiga-isesulguv-100x120cm-must\/"},"modified":"2026-04-20T15:08:32","modified_gmt":"2026-04-20T12:08:32","slug":"uksevork-magnetiga-isesulguv-100x120cm-must","status":"publish","type":"product","link":"https:\/\/ursus.ee\/en\/toode\/uksevork-magnetiga-isesulguv-100x120cm-must\/","title":{"rendered":"Uksev\u00f5rk magnetiga isesulguv 100x120cm, must"},"content":{"rendered":"<p>Kaitseb ruume efektiivselt k\u00f5ikide putukate eest. Kleepuv Velcro-pael v\u00f5imaldab mugavat kinnitamist ja eemaldamist. M\u00e4\u00e4rdunud v\u00f5rku saab pesta.<\/p>\n","protected":false},"excerpt":{"rendered":"<p>Kaitseb ruume efektiivselt k\u00f5ikide putukate eest. Kleepuv Velcro-pael v\u00f5imaldab mugavat kinnitamist ja eemaldamist. M\u00e4\u00e4rdunud v\u00f5rku saab pesta.<\/p>\n","protected":false},"featured_media":16636,"comment_status":"closed","ping_status":"open","template":"","meta":{"_acf_changed":false},"product_brand":[732],"product_cat":[512,734],"product_tag":[],"class_list":{"0":"post-17681","1":"product","2":"type-product","3":"status-publish","4":"has-post-thumbnail","6":"product_brand-bros","7":"product_cat-majapidamistarbed","8":"product_cat-aiakaubad","9":"pa_kogus-1-tk","10":"pa_paritolumaa-poola","11":"pa_uhik-tk","13":"first","14":"instock","15":"taxable","16":"shipping-taxable","17":"purchasable","18":"product-type-simple"},"acf":[],"_links":{"self":[{"href":"https:\/\/ursus.ee\/en\/wp-json\/wp\/v2\/product\/17681","targetHints":{"allow":["GET"]}}],"collection":[{"href":"https:\/\/ursus.ee\/en\/wp-json\/wp\/v2\/product"}],"about":[{"href":"https:\/\/ursus.ee\/en\/wp-json\/wp\/v2\/types\/product"}],"replies":[{"embeddable":true,"href":"https:\/\/ursus.ee\/en\/wp-json\/wp\/v2\/comments?post=17681"}],"wp:featuredmedia":[{"embeddable":true,"href":"https:\/\/ursus.ee\/en\/wp-json\/wp\/v2\/media\/16636"}],"wp:attachment":[{"href":"https:\/\/ursus.ee\/en\/wp-json\/wp\/v2\/media?parent=17681"}],"wp:term":[{"taxonomy":"product_brand","embeddable":true,"href":"https:\/\/ursus.ee\/en\/wp-json\/wp\/v2\/product_brand?post=17681"},{"taxonomy":"product_cat","embeddable":true,"href":"https:\/\/ursus.ee\/en\/wp-json\/wp\/v2\/product_cat?post=17681"},{"taxonomy":"product_tag","embeddable":true,"href":"https:\/\/ursus.ee\/en\/wp-json\/wp\/v2\/product_tag?post=17681"}],"curies":[{"name":"wp","href":"https:\/\/api.w.org\/{rel}","templated":true}]}}