{"id":17673,"date":"2026-04-16T17:10:19","date_gmt":"2026-04-16T14:10:19","guid":{"rendered":"https:\/\/ursus.ee\/toode\/saaselamp\/"},"modified":"2026-04-20T15:08:23","modified_gmt":"2026-04-20T12:08:23","slug":"saaselamp","status":"publish","type":"product","link":"https:\/\/ursus.ee\/en\/toode\/saaselamp\/","title":{"rendered":"S\u00e4\u00e4selamp"},"content":{"rendered":"<p>Efektiivne ja innovaatiline meetod lendavate putukate h\u00e4vitamiseks. Sobib ideaalselt korteritesse, majadesse, suvekodudesse ja v\u00e4ikestesse t\u00f6\u00f6ruumidesse. Seadmes kasutatud spetsiaalne valgusallikas ja k\u00f5rge pingega v\u00f5re tagavad toote efektiivsuse.<\/p>\n","protected":false},"excerpt":{"rendered":"<p>Efektiivne ja innovaatiline meetod lendavate putukate h\u00e4vitamiseks. Sobib ideaalselt korteritesse, majadesse, suvekodudesse ja v\u00e4ikestesse t\u00f6\u00f6ruumidesse. Seadmes kasutatud spetsiaalne valgusallikas ja k\u00f5rge pingega v\u00f5re tagavad toote efektiivsuse.<\/p>\n","protected":false},"featured_media":16614,"comment_status":"closed","ping_status":"open","template":"","meta":{"_acf_changed":false},"product_brand":[732],"product_cat":[512,734],"product_tag":[],"class_list":{"0":"post-17673","1":"product","2":"type-product","3":"status-publish","4":"has-post-thumbnail","6":"product_brand-bros","7":"product_cat-majapidamistarbed","8":"product_cat-aiakaubad","9":"pa_kogus-1-tk","10":"pa_paritolumaa-poola","11":"pa_uhik-tk","13":"first","14":"instock","15":"taxable","16":"shipping-taxable","17":"purchasable","18":"product-type-simple"},"acf":[],"_links":{"self":[{"href":"https:\/\/ursus.ee\/en\/wp-json\/wp\/v2\/product\/17673","targetHints":{"allow":["GET"]}}],"collection":[{"href":"https:\/\/ursus.ee\/en\/wp-json\/wp\/v2\/product"}],"about":[{"href":"https:\/\/ursus.ee\/en\/wp-json\/wp\/v2\/types\/product"}],"replies":[{"embeddable":true,"href":"https:\/\/ursus.ee\/en\/wp-json\/wp\/v2\/comments?post=17673"}],"wp:featuredmedia":[{"embeddable":true,"href":"https:\/\/ursus.ee\/en\/wp-json\/wp\/v2\/media\/16614"}],"wp:attachment":[{"href":"https:\/\/ursus.ee\/en\/wp-json\/wp\/v2\/media?parent=17673"}],"wp:term":[{"taxonomy":"product_brand","embeddable":true,"href":"https:\/\/ursus.ee\/en\/wp-json\/wp\/v2\/product_brand?post=17673"},{"taxonomy":"product_cat","embeddable":true,"href":"https:\/\/ursus.ee\/en\/wp-json\/wp\/v2\/product_cat?post=17673"},{"taxonomy":"product_tag","embeddable":true,"href":"https:\/\/ursus.ee\/en\/wp-json\/wp\/v2\/product_tag?post=17673"}],"curies":[{"name":"wp","href":"https:\/\/api.w.org\/{rel}","templated":true}]}}