{"id":17672,"date":"2026-04-16T17:10:19","date_gmt":"2026-04-16T14:10:19","guid":{"rendered":"https:\/\/ursus.ee\/toode\/karbsetorje-kleebis-lohnatu-toimeainega\/"},"modified":"2026-04-20T15:05:42","modified_gmt":"2026-04-20T12:05:42","slug":"karbsetorje-kleebis-lohnatu-toimeainega","status":"publish","type":"product","link":"https:\/\/ursus.ee\/en\/toode\/karbsetorje-kleebis-lohnatu-toimeainega\/","title":{"rendered":"K\u00e4rbset\u00f5rje kleebis l\u00f5hnatu toimeainega"},"content":{"rendered":"<p>Dekoratiivne, toimeainega kaetud kleeps k\u00e4rbeste ja teiste lendavate putukate h\u00e4vitamiseks. P\u00e4rast toimeaine allaneelamist surevad k\u00e4rbsed hetkega v\u00f5i l\u00fchikese aja m\u00f6\u00f6dudes. Toode toimib kuni 6 kuud ja on alternatiiv k\u00e4rbsepaberitele.<\/p>\n","protected":false},"excerpt":{"rendered":"<p>Dekoratiivne, toimeainega kaetud kleeps k\u00e4rbeste ja teiste lendavate putukate h\u00e4vitamiseks. P\u00e4rast toimeaine allaneelamist surevad k\u00e4rbsed hetkega v\u00f5i l\u00fchikese aja m\u00f6\u00f6dudes. Toode toimib kuni 6 kuud ja on alternatiiv k\u00e4rbsepaberitele.<\/p>\n","protected":false},"featured_media":16611,"comment_status":"closed","ping_status":"open","template":"","meta":{"_acf_changed":false},"product_brand":[732],"product_cat":[512,734],"product_tag":[],"class_list":{"0":"post-17672","1":"product","2":"type-product","3":"status-publish","4":"has-post-thumbnail","6":"product_brand-bros","7":"product_cat-majapidamistarbed","8":"product_cat-aiakaubad","9":"pa_kogus-2-tk","10":"pa_koostis-azametifos-095","11":"pa_paritolumaa-poola","12":"pa_uhik-tk","14":"first","15":"instock","16":"taxable","17":"shipping-taxable","18":"purchasable","19":"product-type-simple"},"acf":[],"_links":{"self":[{"href":"https:\/\/ursus.ee\/en\/wp-json\/wp\/v2\/product\/17672","targetHints":{"allow":["GET"]}}],"collection":[{"href":"https:\/\/ursus.ee\/en\/wp-json\/wp\/v2\/product"}],"about":[{"href":"https:\/\/ursus.ee\/en\/wp-json\/wp\/v2\/types\/product"}],"replies":[{"embeddable":true,"href":"https:\/\/ursus.ee\/en\/wp-json\/wp\/v2\/comments?post=17672"}],"wp:featuredmedia":[{"embeddable":true,"href":"https:\/\/ursus.ee\/en\/wp-json\/wp\/v2\/media\/16611"}],"wp:attachment":[{"href":"https:\/\/ursus.ee\/en\/wp-json\/wp\/v2\/media?parent=17672"}],"wp:term":[{"taxonomy":"product_brand","embeddable":true,"href":"https:\/\/ursus.ee\/en\/wp-json\/wp\/v2\/product_brand?post=17672"},{"taxonomy":"product_cat","embeddable":true,"href":"https:\/\/ursus.ee\/en\/wp-json\/wp\/v2\/product_cat?post=17672"},{"taxonomy":"product_tag","embeddable":true,"href":"https:\/\/ursus.ee\/en\/wp-json\/wp\/v2\/product_tag?post=17672"}],"curies":[{"name":"wp","href":"https:\/\/api.w.org\/{rel}","templated":true}]}}