{"id":17670,"date":"2026-04-16T17:10:19","date_gmt":"2026-04-16T14:10:19","guid":{"rendered":"https:\/\/ursus.ee\/toode\/vaetis-maasikatele\/"},"modified":"2026-04-20T15:08:32","modified_gmt":"2026-04-20T12:08:32","slug":"vaetis-maasikatele","status":"publish","type":"product","link":"https:\/\/ursus.ee\/en\/toode\/vaetis-maasikatele\/","title":{"rendered":"V\u00e4etis maasikatele"},"content":{"rendered":"<p>Mitmekomponentne graanulv\u00e4etis v\u00e4ljas kasvavatele aia- ja metsmaasikatele. T\u00e4pselt m\u00e4\u00e4ratud l\u00e4mmastikusisaldus soodustab p\u00f5\u00f5saste kasvu ja takistab ohtlike nitraatide kogunemist viljadesse. Kaalium tagab taime viljakuse, soodustab \u00f5itsemist ja rikkalikku saagikust.<\/p>\n","protected":false},"excerpt":{"rendered":"<p>Mitmekomponentne graanulv\u00e4etis v\u00e4ljas kasvavatele aia- ja metsmaasikatele. T\u00e4pselt m\u00e4\u00e4ratud l\u00e4mmastikusisaldus soodustab p\u00f5\u00f5saste kasvu ja takistab ohtlike nitraatide kogunemist viljadesse. Kaalium tagab taime viljakuse, soodustab \u00f5itsemist ja rikkalikku saagikust.<\/p>\n","protected":false},"featured_media":16605,"comment_status":"closed","ping_status":"open","template":"","meta":{"_acf_changed":false},"product_brand":[738],"product_cat":[512,734],"product_tag":[],"class_list":{"0":"post-17670","1":"product","2":"type-product","3":"status-publish","4":"has-post-thumbnail","6":"product_brand-biopon","7":"product_cat-majapidamistarbed","8":"product_cat-aiakaubad","9":"pa_kogus-1-kg","10":"pa_koostis-npk-5515-ca-2-mg-5-s-27-b-0-01-cu-0-01-fe-0-5-mn-0-1-mo-0-001-zn-0-01","11":"pa_paritolumaa-poola","12":"pa_uhik-kg","14":"first","15":"instock","16":"taxable","17":"shipping-taxable","18":"purchasable","19":"product-type-simple"},"acf":[],"_links":{"self":[{"href":"https:\/\/ursus.ee\/en\/wp-json\/wp\/v2\/product\/17670","targetHints":{"allow":["GET"]}}],"collection":[{"href":"https:\/\/ursus.ee\/en\/wp-json\/wp\/v2\/product"}],"about":[{"href":"https:\/\/ursus.ee\/en\/wp-json\/wp\/v2\/types\/product"}],"replies":[{"embeddable":true,"href":"https:\/\/ursus.ee\/en\/wp-json\/wp\/v2\/comments?post=17670"}],"wp:featuredmedia":[{"embeddable":true,"href":"https:\/\/ursus.ee\/en\/wp-json\/wp\/v2\/media\/16605"}],"wp:attachment":[{"href":"https:\/\/ursus.ee\/en\/wp-json\/wp\/v2\/media?parent=17670"}],"wp:term":[{"taxonomy":"product_brand","embeddable":true,"href":"https:\/\/ursus.ee\/en\/wp-json\/wp\/v2\/product_brand?post=17670"},{"taxonomy":"product_cat","embeddable":true,"href":"https:\/\/ursus.ee\/en\/wp-json\/wp\/v2\/product_cat?post=17670"},{"taxonomy":"product_tag","embeddable":true,"href":"https:\/\/ursus.ee\/en\/wp-json\/wp\/v2\/product_tag?post=17670"}],"curies":[{"name":"wp","href":"https:\/\/api.w.org\/{rel}","templated":true}]}}