{"id":17669,"date":"2026-04-16T17:10:19","date_gmt":"2026-04-16T14:10:19","guid":{"rendered":"https:\/\/ursus.ee\/toode\/vaetis-roosidele-2\/"},"modified":"2026-04-20T15:14:30","modified_gmt":"2026-04-20T12:14:30","slug":"vaetis-roosidele-2","status":"publish","type":"product","link":"https:\/\/ursus.ee\/en\/toode\/vaetis-roosidele-2\/","title":{"rendered":"V\u00e4etis roosidele"},"content":{"rendered":"<p>K\u00f5rge toitainetesisaldusega mitmekomponentne v\u00e4etis, mis on kohandatud vastavalt erinevate rooside vajadustele. Kaalium parandab taimede \u00fcldseisukorda ja nende talvekindlust. Magneesium tagab rikkaliku rohelise v\u00e4rvusega lehed ja intensiivse v\u00e4rvusega \u00f5ied.<\/p>\n","protected":false},"excerpt":{"rendered":"<p>K\u00f5rge toitainetesisaldusega mitmekomponentne v\u00e4etis, mis on kohandatud vastavalt erinevate rooside vajadustele. Kaalium parandab taimede \u00fcldseisukorda ja nende talvekindlust. Magneesium tagab rikkaliku rohelise v\u00e4rvusega lehed ja intensiivse v\u00e4rvusega \u00f5ied.<\/p>\n","protected":false},"featured_media":16602,"comment_status":"closed","ping_status":"open","template":"","meta":{"_acf_changed":false},"product_brand":[738],"product_cat":[512,734],"product_tag":[],"class_list":{"0":"post-17669","1":"product","2":"type-product","3":"status-publish","4":"has-post-thumbnail","6":"product_brand-biopon","7":"product_cat-majapidamistarbed","8":"product_cat-aiakaubad","9":"pa_kogus-1-kg","10":"pa_koostis-npk-41212-ca-14-s-29","11":"pa_paritolumaa-poola","12":"pa_uhik-kg","14":"first","15":"instock","16":"taxable","17":"shipping-taxable","18":"purchasable","19":"product-type-simple"},"acf":[],"_links":{"self":[{"href":"https:\/\/ursus.ee\/en\/wp-json\/wp\/v2\/product\/17669","targetHints":{"allow":["GET"]}}],"collection":[{"href":"https:\/\/ursus.ee\/en\/wp-json\/wp\/v2\/product"}],"about":[{"href":"https:\/\/ursus.ee\/en\/wp-json\/wp\/v2\/types\/product"}],"replies":[{"embeddable":true,"href":"https:\/\/ursus.ee\/en\/wp-json\/wp\/v2\/comments?post=17669"}],"wp:featuredmedia":[{"embeddable":true,"href":"https:\/\/ursus.ee\/en\/wp-json\/wp\/v2\/media\/16602"}],"wp:attachment":[{"href":"https:\/\/ursus.ee\/en\/wp-json\/wp\/v2\/media?parent=17669"}],"wp:term":[{"taxonomy":"product_brand","embeddable":true,"href":"https:\/\/ursus.ee\/en\/wp-json\/wp\/v2\/product_brand?post=17669"},{"taxonomy":"product_cat","embeddable":true,"href":"https:\/\/ursus.ee\/en\/wp-json\/wp\/v2\/product_cat?post=17669"},{"taxonomy":"product_tag","embeddable":true,"href":"https:\/\/ursus.ee\/en\/wp-json\/wp\/v2\/product_tag?post=17669"}],"curies":[{"name":"wp","href":"https:\/\/api.w.org\/{rel}","templated":true}]}}