{"id":17667,"date":"2026-04-16T17:10:19","date_gmt":"2026-04-16T14:10:19","guid":{"rendered":"https:\/\/ursus.ee\/toode\/vaetis-okaspuudele-pruunide-okaste-valtimiseks\/"},"modified":"2026-04-20T15:14:29","modified_gmt":"2026-04-20T12:14:29","slug":"vaetis-okaspuudele-pruunide-okaste-valtimiseks","status":"publish","type":"product","link":"https:\/\/ursus.ee\/en\/toode\/vaetis-okaspuudele-pruunide-okaste-valtimiseks\/","title":{"rendered":"V\u00e4etis okaspuudele pruunide okaste v\u00e4ltimiseks"},"content":{"rendered":"<p>Hoolikalt m\u00e4\u00e4ratud magneesiumi- ja v\u00e4\u00e4vlisisaldus rahuldab t\u00e4ielikult nende mineraalide vajaduse ja k\u00f5rvaldab okaste pruuniks muutumise p\u00f5hjuse. Taimed muutuvad uuesti roheliseks ja terveks. Parimad tulemused on v\u00f5imalik saavutada, kui v\u00e4etamist alustatakse kohe p\u00e4rast esimeste okaste pruunistumise s\u00fcmptomite m\u00e4rkamist.<\/p>\n","protected":false},"excerpt":{"rendered":"<p>Hoolikalt m\u00e4\u00e4ratud magneesiumi- ja v\u00e4\u00e4vlisisaldus rahuldab t\u00e4ielikult nende mineraalide vajaduse ja k\u00f5rvaldab okaste pruuniks muutumise p\u00f5hjuse. Taimed muutuvad uuesti roheliseks ja terveks. Parimad tulemused on v\u00f5imalik saavutada, kui v\u00e4etamist alustatakse kohe p\u00e4rast esimeste okaste pruunistumise s\u00fcmptomite m\u00e4rkamist.<\/p>\n","protected":false},"featured_media":16596,"comment_status":"closed","ping_status":"open","template":"","meta":{"_acf_changed":false},"product_brand":[738],"product_cat":[512,734],"product_tag":[],"class_list":{"0":"post-17667","1":"product","2":"type-product","3":"status-publish","4":"has-post-thumbnail","6":"product_brand-biopon","7":"product_cat-majapidamistarbed","8":"product_cat-aiakaubad","9":"pa_kogus-1-kg","10":"pa_koostis-mg-15-s-28","11":"pa_paritolumaa-poola","12":"pa_uhik-kg","14":"first","15":"instock","16":"taxable","17":"shipping-taxable","18":"purchasable","19":"product-type-simple"},"acf":[],"_links":{"self":[{"href":"https:\/\/ursus.ee\/en\/wp-json\/wp\/v2\/product\/17667","targetHints":{"allow":["GET"]}}],"collection":[{"href":"https:\/\/ursus.ee\/en\/wp-json\/wp\/v2\/product"}],"about":[{"href":"https:\/\/ursus.ee\/en\/wp-json\/wp\/v2\/types\/product"}],"replies":[{"embeddable":true,"href":"https:\/\/ursus.ee\/en\/wp-json\/wp\/v2\/comments?post=17667"}],"wp:featuredmedia":[{"embeddable":true,"href":"https:\/\/ursus.ee\/en\/wp-json\/wp\/v2\/media\/16596"}],"wp:attachment":[{"href":"https:\/\/ursus.ee\/en\/wp-json\/wp\/v2\/media?parent=17667"}],"wp:term":[{"taxonomy":"product_brand","embeddable":true,"href":"https:\/\/ursus.ee\/en\/wp-json\/wp\/v2\/product_brand?post=17667"},{"taxonomy":"product_cat","embeddable":true,"href":"https:\/\/ursus.ee\/en\/wp-json\/wp\/v2\/product_cat?post=17667"},{"taxonomy":"product_tag","embeddable":true,"href":"https:\/\/ursus.ee\/en\/wp-json\/wp\/v2\/product_tag?post=17667"}],"curies":[{"name":"wp","href":"https:\/\/api.w.org\/{rel}","templated":true}]}}