{"id":17666,"date":"2026-04-16T17:10:07","date_gmt":"2026-04-16T14:10:07","guid":{"rendered":"https:\/\/ursus.ee\/toode\/vaetis-sammaldunud-murule\/"},"modified":"2026-04-20T15:14:30","modified_gmt":"2026-04-20T12:14:30","slug":"vaetis-sammaldunud-murule","status":"publish","type":"product","link":"https:\/\/ursus.ee\/en\/toode\/vaetis-sammaldunud-murule\/","title":{"rendered":"V\u00e4etis sammaldunud murule"},"content":{"rendered":"<p>Uuenduslik, mitmekomponentne v\u00e4etis murule. Hoolikalt valitud koostis tagab tugeva kasvu, tiheduse ja mahlaka, rohelise v\u00e4rvuse. Suurem rauasisaldus takistab sambla kasvamist, pidurdades selle levimist. V\u00e4etises sisalduv l\u00e4mmastik kiirendab muruta laikude kinnikasvamist.<\/p>\n","protected":false},"excerpt":{"rendered":"<p>Uuenduslik, mitmekomponentne v\u00e4etis murule. Hoolikalt valitud koostis tagab tugeva kasvu, tiheduse ja mahlaka, rohelise v\u00e4rvuse. Suurem rauasisaldus takistab sambla kasvamist, pidurdades selle levimist. V\u00e4etises sisalduv l\u00e4mmastik kiirendab muruta laikude kinnikasvamist.<\/p>\n","protected":false},"featured_media":16593,"comment_status":"closed","ping_status":"open","template":"","meta":{"_acf_changed":false},"product_brand":[738],"product_cat":[512,734],"product_tag":[],"class_list":{"0":"post-17666","1":"product","2":"type-product","3":"status-publish","4":"has-post-thumbnail","6":"product_brand-biopon","7":"product_cat-majapidamistarbed","8":"product_cat-aiakaubad","9":"pa_kogus-1-kg","10":"pa_koostis-npk-758-mg-45-s-20-fe-5","11":"pa_paritolumaa-poola","12":"pa_uhik-kg","14":"first","15":"instock","16":"taxable","17":"shipping-taxable","18":"purchasable","19":"product-type-simple"},"acf":[],"_links":{"self":[{"href":"https:\/\/ursus.ee\/en\/wp-json\/wp\/v2\/product\/17666","targetHints":{"allow":["GET"]}}],"collection":[{"href":"https:\/\/ursus.ee\/en\/wp-json\/wp\/v2\/product"}],"about":[{"href":"https:\/\/ursus.ee\/en\/wp-json\/wp\/v2\/types\/product"}],"replies":[{"embeddable":true,"href":"https:\/\/ursus.ee\/en\/wp-json\/wp\/v2\/comments?post=17666"}],"wp:featuredmedia":[{"embeddable":true,"href":"https:\/\/ursus.ee\/en\/wp-json\/wp\/v2\/media\/16593"}],"wp:attachment":[{"href":"https:\/\/ursus.ee\/en\/wp-json\/wp\/v2\/media?parent=17666"}],"wp:term":[{"taxonomy":"product_brand","embeddable":true,"href":"https:\/\/ursus.ee\/en\/wp-json\/wp\/v2\/product_brand?post=17666"},{"taxonomy":"product_cat","embeddable":true,"href":"https:\/\/ursus.ee\/en\/wp-json\/wp\/v2\/product_cat?post=17666"},{"taxonomy":"product_tag","embeddable":true,"href":"https:\/\/ursus.ee\/en\/wp-json\/wp\/v2\/product_tag?post=17666"}],"curies":[{"name":"wp","href":"https:\/\/api.w.org\/{rel}","templated":true}]}}