{"id":17664,"date":"2026-04-16T17:10:07","date_gmt":"2026-04-16T14:10:07","guid":{"rendered":"https:\/\/ursus.ee\/toode\/kompostimiskiirendi\/"},"modified":"2026-04-20T15:05:45","modified_gmt":"2026-04-20T12:05:45","slug":"kompostimiskiirendi","status":"publish","type":"product","link":"https:\/\/ursus.ee\/en\/toode\/kompostimiskiirendi\/","title":{"rendered":"Kompostimiskiirendi"},"content":{"rendered":"<p>Toode talude, majapidamiste ja aiamaade orgaaniliste j\u00e4\u00e4kide komposteerimise kiirendamiseks. See sisaldab hoolikalt valitud mikroorganisme ja ens\u00fc\u00fcme, mis kiirendavad komposteerumist ja samal ajal takistavad ohtlike ainete moodustumist.<\/p>\n","protected":false},"excerpt":{"rendered":"<p>Toode talude, majapidamiste ja aiamaade orgaaniliste j\u00e4\u00e4kide komposteerimise kiirendamiseks. See sisaldab hoolikalt valitud mikroorganisme ja ens\u00fc\u00fcme, mis kiirendavad komposteerumist ja samal ajal takistavad ohtlike ainete moodustumist.<\/p>\n","protected":false},"featured_media":16587,"comment_status":"closed","ping_status":"open","template":"","meta":{"_acf_changed":false},"product_brand":[738],"product_cat":[512,734],"product_tag":[],"class_list":{"0":"post-17664","1":"product","2":"type-product","3":"status-publish","4":"has-post-thumbnail","6":"product_brand-biopon","7":"product_cat-majapidamistarbed","8":"product_cat-aiakaubad","9":"pa_kogus-1-kg","10":"pa_koostis-fosfaadid-5-ensuumid","11":"pa_paritolumaa-poola","12":"pa_uhik-kg","14":"first","15":"instock","16":"taxable","17":"shipping-taxable","18":"purchasable","19":"product-type-simple"},"acf":[],"_links":{"self":[{"href":"https:\/\/ursus.ee\/en\/wp-json\/wp\/v2\/product\/17664","targetHints":{"allow":["GET"]}}],"collection":[{"href":"https:\/\/ursus.ee\/en\/wp-json\/wp\/v2\/product"}],"about":[{"href":"https:\/\/ursus.ee\/en\/wp-json\/wp\/v2\/types\/product"}],"replies":[{"embeddable":true,"href":"https:\/\/ursus.ee\/en\/wp-json\/wp\/v2\/comments?post=17664"}],"wp:featuredmedia":[{"embeddable":true,"href":"https:\/\/ursus.ee\/en\/wp-json\/wp\/v2\/media\/16587"}],"wp:attachment":[{"href":"https:\/\/ursus.ee\/en\/wp-json\/wp\/v2\/media?parent=17664"}],"wp:term":[{"taxonomy":"product_brand","embeddable":true,"href":"https:\/\/ursus.ee\/en\/wp-json\/wp\/v2\/product_brand?post=17664"},{"taxonomy":"product_cat","embeddable":true,"href":"https:\/\/ursus.ee\/en\/wp-json\/wp\/v2\/product_cat?post=17664"},{"taxonomy":"product_tag","embeddable":true,"href":"https:\/\/ursus.ee\/en\/wp-json\/wp\/v2\/product_tag?post=17664"}],"curies":[{"name":"wp","href":"https:\/\/api.w.org\/{rel}","templated":true}]}}