{"id":17663,"date":"2026-04-16T17:10:07","date_gmt":"2026-04-16T14:10:07","guid":{"rendered":"https:\/\/ursus.ee\/toode\/karbsepaber-aknale-lillemustriga\/"},"modified":"2026-04-20T15:05:42","modified_gmt":"2026-04-20T12:05:42","slug":"karbsepaber-aknale-lillemustriga","status":"publish","type":"product","link":"https:\/\/ursus.ee\/en\/toode\/karbsepaber-aknale-lillemustriga\/","title":{"rendered":"K\u00e4rbsepaber aknale lillemustriga"},"content":{"rendered":"<p>K\u00e4rbsepaberi v\u00e4rviline disain ei lase kinnip\u00fc\u00fctud putukatel silma riivata. Toode ei sisalda keemilisi putukam\u00fcrke ja kasutatud liimaine on UV-kiirguse kindel, mis tagab toote kauakestva efektiivsuse.<\/p>\n","protected":false},"excerpt":{"rendered":"<p>K\u00e4rbsepaberi v\u00e4rviline disain ei lase kinnip\u00fc\u00fctud putukatel silma riivata. Toode ei sisalda keemilisi putukam\u00fcrke ja kasutatud liimaine on UV-kiirguse kindel, mis tagab toote kauakestva efektiivsuse.<\/p>\n","protected":false},"featured_media":16583,"comment_status":"closed","ping_status":"open","template":"","meta":{"_acf_changed":false},"product_brand":[732],"product_cat":[512,734],"product_tag":[],"class_list":{"0":"post-17663","1":"product","2":"type-product","3":"status-publish","4":"has-post-thumbnail","6":"product_brand-bros","7":"product_cat-majapidamistarbed","8":"product_cat-aiakaubad","9":"pa_kogus-4-tk","10":"pa_paritolumaa-poola","11":"pa_uhik-tk","13":"first","14":"instock","15":"taxable","16":"shipping-taxable","17":"purchasable","18":"product-type-simple"},"acf":[],"_links":{"self":[{"href":"https:\/\/ursus.ee\/en\/wp-json\/wp\/v2\/product\/17663","targetHints":{"allow":["GET"]}}],"collection":[{"href":"https:\/\/ursus.ee\/en\/wp-json\/wp\/v2\/product"}],"about":[{"href":"https:\/\/ursus.ee\/en\/wp-json\/wp\/v2\/types\/product"}],"replies":[{"embeddable":true,"href":"https:\/\/ursus.ee\/en\/wp-json\/wp\/v2\/comments?post=17663"}],"wp:featuredmedia":[{"embeddable":true,"href":"https:\/\/ursus.ee\/en\/wp-json\/wp\/v2\/media\/16583"}],"wp:attachment":[{"href":"https:\/\/ursus.ee\/en\/wp-json\/wp\/v2\/media?parent=17663"}],"wp:term":[{"taxonomy":"product_brand","embeddable":true,"href":"https:\/\/ursus.ee\/en\/wp-json\/wp\/v2\/product_brand?post=17663"},{"taxonomy":"product_cat","embeddable":true,"href":"https:\/\/ursus.ee\/en\/wp-json\/wp\/v2\/product_cat?post=17663"},{"taxonomy":"product_tag","embeddable":true,"href":"https:\/\/ursus.ee\/en\/wp-json\/wp\/v2\/product_tag?post=17663"}],"curies":[{"name":"wp","href":"https:\/\/api.w.org\/{rel}","templated":true}]}}