{"id":17662,"date":"2026-04-16T17:10:07","date_gmt":"2026-04-16T14:10:07","guid":{"rendered":"https:\/\/ursus.ee\/toode\/vaetisepulgad-oitsvatele-taimedele\/"},"modified":"2026-04-20T15:14:30","modified_gmt":"2026-04-20T12:14:30","slug":"vaetisepulgad-oitsvatele-taimedele","status":"publish","type":"product","link":"https:\/\/ursus.ee\/en\/toode\/vaetisepulgad-oitsvatele-taimedele\/","title":{"rendered":"V\u00e4etisepulgad \u00f5itsvatele taimedele"},"content":{"rendered":"<p>Lihtsaltomastatav v\u00e4etis, mis rahuldab t\u00e4ielikult \u00f5istaimede toitainevajaduse. Iga v\u00e4etisepulk sisaldab hoolikalt m\u00e4\u00e4ratud koguses fosforit ja kaaliumit. See soodustab \u00f5iepungade moodustumist ja intensiivset \u00f5itsemist. Pulgad lahustuvad j\u00e4rk-j\u00e4rgult, v\u00e4etades taime regulaarselt pikema aja jooksul. V\u00e4etisepulkade v\u00e4lja v\u00f5tmine pakendist on mugav.<\/p>\n<p>OHUTUS:<br \/>\nSissehingamisel, allaneelamisel ja silma sattumisel p\u00f6\u00f6rduda vajadusel arsti poole. Kemikaali allaneelamise korral p\u00f6\u00f6rduda viivitamatult arsti poole. Hoida pakend tihedalt suletuna jahedas kohas ja kuivana. Hoida lukustatult ja lastele k\u00e4ttesaamatult.<\/p>\n","protected":false},"excerpt":{"rendered":"<p>Lihtsaltomastatav v\u00e4etis, mis rahuldab t\u00e4ielikult \u00f5istaimede toitainevajaduse. Iga v\u00e4etisepulk sisaldab hoolikalt m\u00e4\u00e4ratud koguses fosforit ja kaaliumit. See soodustab \u00f5iepungade moodustumist ja intensiivset \u00f5itsemist. Pulgad lahustuvad j\u00e4rk-j\u00e4rgult, v\u00e4etades taime regulaarselt pikema aja jooksul. V\u00e4etisepulkade v\u00e4lja v\u00f5tmine pakendist on mugav. OHUTUS: Sissehingamisel, allaneelamisel ja silma sattumisel p\u00f6\u00f6rduda vajadusel arsti poole. Kemikaali allaneelamise korral p\u00f6\u00f6rduda viivitamatult arsti poole.<\/p>\n","protected":false},"featured_media":16580,"comment_status":"closed","ping_status":"open","template":"","meta":{"_acf_changed":false},"product_brand":[738],"product_cat":[512,734],"product_tag":[],"class_list":{"0":"post-17662","1":"product","2":"type-product","3":"status-publish","4":"has-post-thumbnail","6":"product_brand-biopon","7":"product_cat-majapidamistarbed","8":"product_cat-aiakaubad","9":"pa_kogus-30-tk","10":"pa_koostis-npk-81014-b-001-cu-002-fe-007-mn-005-mo-001","11":"pa_paritolumaa-poola","12":"pa_uhik-tk","14":"first","15":"instock","16":"taxable","17":"shipping-taxable","18":"purchasable","19":"product-type-simple"},"acf":[],"_links":{"self":[{"href":"https:\/\/ursus.ee\/en\/wp-json\/wp\/v2\/product\/17662","targetHints":{"allow":["GET"]}}],"collection":[{"href":"https:\/\/ursus.ee\/en\/wp-json\/wp\/v2\/product"}],"about":[{"href":"https:\/\/ursus.ee\/en\/wp-json\/wp\/v2\/types\/product"}],"replies":[{"embeddable":true,"href":"https:\/\/ursus.ee\/en\/wp-json\/wp\/v2\/comments?post=17662"}],"wp:featuredmedia":[{"embeddable":true,"href":"https:\/\/ursus.ee\/en\/wp-json\/wp\/v2\/media\/16580"}],"wp:attachment":[{"href":"https:\/\/ursus.ee\/en\/wp-json\/wp\/v2\/media?parent=17662"}],"wp:term":[{"taxonomy":"product_brand","embeddable":true,"href":"https:\/\/ursus.ee\/en\/wp-json\/wp\/v2\/product_brand?post=17662"},{"taxonomy":"product_cat","embeddable":true,"href":"https:\/\/ursus.ee\/en\/wp-json\/wp\/v2\/product_cat?post=17662"},{"taxonomy":"product_tag","embeddable":true,"href":"https:\/\/ursus.ee\/en\/wp-json\/wp\/v2\/product_tag?post=17662"}],"curies":[{"name":"wp","href":"https:\/\/api.w.org\/{rel}","templated":true}]}}