{"id":17661,"date":"2026-04-16T17:10:07","date_gmt":"2026-04-16T14:10:07","guid":{"rendered":"https:\/\/ursus.ee\/toode\/vaetis-roosidele\/"},"modified":"2026-04-20T15:14:30","modified_gmt":"2026-04-20T12:14:30","slug":"vaetis-roosidele","status":"publish","type":"product","link":"https:\/\/ursus.ee\/en\/toode\/vaetis-roosidele\/","title":{"rendered":"V\u00e4etis roosidele"},"content":{"rendered":"<p>Mitmekomponentne mineraalv\u00e4etis k\u00f5ikidele roosiliikidele. Rahuldab t\u00e4ielikult taimede toitainevajaduse. K\u00f5rge amiidl\u00e4mmastiku sisaldus pikendab v\u00e4etise toimeaega. Hoolikalt m\u00e4\u00e4ratud fosfori ja kaaliumi sisaldus soodustab \u00f5igepungade tekkimist ja pikendab \u00f5itsemisperioodi.<\/p>\n","protected":false},"excerpt":{"rendered":"<p>Mitmekomponentne mineraalv\u00e4etis k\u00f5ikidele roosiliikidele. Rahuldab t\u00e4ielikult taimede toitainevajaduse. K\u00f5rge amiidl\u00e4mmastiku sisaldus pikendab v\u00e4etise toimeaega. Hoolikalt m\u00e4\u00e4ratud fosfori ja kaaliumi sisaldus soodustab \u00f5igepungade tekkimist ja pikendab \u00f5itsemisperioodi.<\/p>\n","protected":false},"featured_media":16577,"comment_status":"closed","ping_status":"open","template":"","meta":{"_acf_changed":false},"product_brand":[738],"product_cat":[512,734],"product_tag":[],"class_list":{"0":"post-17661","1":"product","2":"type-product","3":"status-publish","4":"has-post-thumbnail","6":"product_brand-biopon","7":"product_cat-majapidamistarbed","8":"product_cat-aiakaubad","9":"pa_kogus-500-ml","10":"pa_koostis-npk-65565-b-002-cu-0002-fe-002-mn-0015-mo-0002-zn-0015","11":"pa_paritolumaa-poola","12":"pa_uhik-ml","14":"first","15":"instock","16":"taxable","17":"shipping-taxable","18":"purchasable","19":"product-type-simple"},"acf":[],"_links":{"self":[{"href":"https:\/\/ursus.ee\/en\/wp-json\/wp\/v2\/product\/17661","targetHints":{"allow":["GET"]}}],"collection":[{"href":"https:\/\/ursus.ee\/en\/wp-json\/wp\/v2\/product"}],"about":[{"href":"https:\/\/ursus.ee\/en\/wp-json\/wp\/v2\/types\/product"}],"replies":[{"embeddable":true,"href":"https:\/\/ursus.ee\/en\/wp-json\/wp\/v2\/comments?post=17661"}],"wp:featuredmedia":[{"embeddable":true,"href":"https:\/\/ursus.ee\/en\/wp-json\/wp\/v2\/media\/16577"}],"wp:attachment":[{"href":"https:\/\/ursus.ee\/en\/wp-json\/wp\/v2\/media?parent=17661"}],"wp:term":[{"taxonomy":"product_brand","embeddable":true,"href":"https:\/\/ursus.ee\/en\/wp-json\/wp\/v2\/product_brand?post=17661"},{"taxonomy":"product_cat","embeddable":true,"href":"https:\/\/ursus.ee\/en\/wp-json\/wp\/v2\/product_cat?post=17661"},{"taxonomy":"product_tag","embeddable":true,"href":"https:\/\/ursus.ee\/en\/wp-json\/wp\/v2\/product_tag?post=17661"}],"curies":[{"name":"wp","href":"https:\/\/api.w.org\/{rel}","templated":true}]}}