{"id":17660,"date":"2026-04-16T17:10:07","date_gmt":"2026-04-16T14:10:07","guid":{"rendered":"https:\/\/ursus.ee\/toode\/vaetis-rododendronitele-ja-asaleadele\/"},"modified":"2026-04-20T15:14:30","modified_gmt":"2026-04-20T12:14:30","slug":"vaetis-rododendronitele-ja-asaleadele","status":"publish","type":"product","link":"https:\/\/ursus.ee\/en\/toode\/vaetis-rododendronitele-ja-asaleadele\/","title":{"rendered":"V\u00e4etis rododendronitele ja asaleadele"},"content":{"rendered":"<p>Spetsiaalne mineraalv\u00e4etis rododendronitele ja asaleadele. V\u00e4etise kasutamine parandab silmn\u00e4htavalt taimede v\u00e4ljan\u00e4gemist ja seisukorda. Fosforisisaldus pikendab \u00f5itsemisperioodi ja soodustab \u00f5iepungade moodustumist.<\/p>\n","protected":false},"excerpt":{"rendered":"<p>Spetsiaalne mineraalv\u00e4etis rododendronitele ja asaleadele. V\u00e4etise kasutamine parandab silmn\u00e4htavalt taimede v\u00e4ljan\u00e4gemist ja seisukorda. Fosforisisaldus pikendab \u00f5itsemisperioodi ja soodustab \u00f5iepungade moodustumist.<\/p>\n","protected":false},"featured_media":16574,"comment_status":"closed","ping_status":"open","template":"","meta":{"_acf_changed":false},"product_brand":[738],"product_cat":[512,734],"product_tag":[],"class_list":{"0":"post-17660","1":"product","2":"type-product","3":"status-publish","4":"has-post-thumbnail","6":"product_brand-biopon","7":"product_cat-majapidamistarbed","8":"product_cat-aiakaubad","9":"pa_kogus-500-ml","10":"pa_koostis-npk-834-b-002-cu-0002-fe-002-mn-0015-mo-0002-zn-0015","11":"pa_paritolumaa-poola","12":"pa_uhik-ml","14":"first","15":"instock","16":"taxable","17":"shipping-taxable","18":"purchasable","19":"product-type-simple"},"acf":[],"_links":{"self":[{"href":"https:\/\/ursus.ee\/en\/wp-json\/wp\/v2\/product\/17660","targetHints":{"allow":["GET"]}}],"collection":[{"href":"https:\/\/ursus.ee\/en\/wp-json\/wp\/v2\/product"}],"about":[{"href":"https:\/\/ursus.ee\/en\/wp-json\/wp\/v2\/types\/product"}],"replies":[{"embeddable":true,"href":"https:\/\/ursus.ee\/en\/wp-json\/wp\/v2\/comments?post=17660"}],"wp:featuredmedia":[{"embeddable":true,"href":"https:\/\/ursus.ee\/en\/wp-json\/wp\/v2\/media\/16574"}],"wp:attachment":[{"href":"https:\/\/ursus.ee\/en\/wp-json\/wp\/v2\/media?parent=17660"}],"wp:term":[{"taxonomy":"product_brand","embeddable":true,"href":"https:\/\/ursus.ee\/en\/wp-json\/wp\/v2\/product_brand?post=17660"},{"taxonomy":"product_cat","embeddable":true,"href":"https:\/\/ursus.ee\/en\/wp-json\/wp\/v2\/product_cat?post=17660"},{"taxonomy":"product_tag","embeddable":true,"href":"https:\/\/ursus.ee\/en\/wp-json\/wp\/v2\/product_tag?post=17660"}],"curies":[{"name":"wp","href":"https:\/\/api.w.org\/{rel}","templated":true}]}}