{"id":17656,"date":"2026-04-16T17:10:07","date_gmt":"2026-04-16T14:10:07","guid":{"rendered":"https:\/\/ursus.ee\/toode\/vedelvaetis-universaalne-2\/"},"modified":"2026-04-20T15:14:33","modified_gmt":"2026-04-20T12:14:33","slug":"vedelvaetis-universaalne-2","status":"publish","type":"product","link":"https:\/\/ursus.ee\/en\/toode\/vedelvaetis-universaalne-2\/","title":{"rendered":"Vedelv\u00e4etis Universaalne"},"content":{"rendered":"<p>Mitmekomponentne mineraalv\u00e4etis k\u00f5ikidele kodu-, r\u00f5du-, terrassi- ja aiataimedele lehtede ja pinnase kaudu v\u00e4etamiseks. T\u00e4pselt m\u00e4\u00e4ratud mineraalsete toiteainete suhe tagab taimede optimaalse kasvu ja \u00f5itsemise.<\/p>\n","protected":false},"excerpt":{"rendered":"<p>Mitmekomponentne mineraalv\u00e4etis k\u00f5ikidele kodu-, r\u00f5du-, terrassi- ja aiataimedele lehtede ja pinnase kaudu v\u00e4etamiseks. T\u00e4pselt m\u00e4\u00e4ratud mineraalsete toiteainete suhe tagab taimede optimaalse kasvu ja \u00f5itsemise.<\/p>\n","protected":false},"featured_media":16562,"comment_status":"closed","ping_status":"open","template":"","meta":{"_acf_changed":false},"product_brand":[738],"product_cat":[512,734],"product_tag":[],"class_list":{"0":"post-17656","1":"product","2":"type-product","3":"status-publish","4":"has-post-thumbnail","6":"product_brand-biopon","7":"product_cat-majapidamistarbed","8":"product_cat-aiakaubad","9":"pa_kogus-1-l","10":"pa_koostis-npk-834-b-002-cu-0002-fe-002-mn-0015-mo-0002-zn-0015","11":"pa_paritolumaa-poola","12":"pa_uhik-l","14":"first","15":"instock","16":"taxable","17":"shipping-taxable","18":"purchasable","19":"product-type-simple"},"acf":[],"_links":{"self":[{"href":"https:\/\/ursus.ee\/en\/wp-json\/wp\/v2\/product\/17656","targetHints":{"allow":["GET"]}}],"collection":[{"href":"https:\/\/ursus.ee\/en\/wp-json\/wp\/v2\/product"}],"about":[{"href":"https:\/\/ursus.ee\/en\/wp-json\/wp\/v2\/types\/product"}],"replies":[{"embeddable":true,"href":"https:\/\/ursus.ee\/en\/wp-json\/wp\/v2\/comments?post=17656"}],"wp:featuredmedia":[{"embeddable":true,"href":"https:\/\/ursus.ee\/en\/wp-json\/wp\/v2\/media\/16562"}],"wp:attachment":[{"href":"https:\/\/ursus.ee\/en\/wp-json\/wp\/v2\/media?parent=17656"}],"wp:term":[{"taxonomy":"product_brand","embeddable":true,"href":"https:\/\/ursus.ee\/en\/wp-json\/wp\/v2\/product_brand?post=17656"},{"taxonomy":"product_cat","embeddable":true,"href":"https:\/\/ursus.ee\/en\/wp-json\/wp\/v2\/product_cat?post=17656"},{"taxonomy":"product_tag","embeddable":true,"href":"https:\/\/ursus.ee\/en\/wp-json\/wp\/v2\/product_tag?post=17656"}],"curies":[{"name":"wp","href":"https:\/\/api.w.org\/{rel}","templated":true}]}}