{"id":17655,"date":"2026-04-16T17:10:07","date_gmt":"2026-04-16T14:10:07","guid":{"rendered":"https:\/\/ursus.ee\/toode\/eko-derma-haavasalv-puudele-ja-poosastele\/"},"modified":"2026-04-20T15:05:45","modified_gmt":"2026-04-20T12:05:45","slug":"eko-derma-haavasalv-puudele-ja-poosastele","status":"publish","type":"product","link":"https:\/\/ursus.ee\/en\/toode\/eko-derma-haavasalv-puudele-ja-poosastele\/","title":{"rendered":"Eko-derma haavasalv puudele ja p\u00f5\u00f5sastele"},"content":{"rendered":"<p>Aiasalv, mis on m\u00f5eldud puude ja p\u00f5\u00f5saste pookimise, mehaaniliste kahjustuste, h\u00f5\u00f5rdumise, k\u00fclmast p\u00f5hjustatud pragude, metsloomade p\u00f5hjustatud kahjustuste jms haavade kaitsmiseks. Toode kaitseb kahjustunud pindasid seente ja patogeenide p\u00f5hjustatud infektsioonide eest. Moodustab vastupidava, paindliku ja ilmastikukindla kihi. KORO DERMA takistab ka kuivamist ja kiirendab kahjustuste paranemist.<\/p>\n","protected":false},"excerpt":{"rendered":"<p>Aiasalv, mis on m\u00f5eldud puude ja p\u00f5\u00f5saste pookimise, mehaaniliste kahjustuste, h\u00f5\u00f5rdumise, k\u00fclmast p\u00f5hjustatud pragude, metsloomade p\u00f5hjustatud kahjustuste jms haavade kaitsmiseks. Toode kaitseb kahjustunud pindasid seente ja patogeenide p\u00f5hjustatud infektsioonide eest. Moodustab vastupidava, paindliku ja ilmastikukindla kihi. KORO DERMA takistab ka kuivamist ja kiirendab kahjustuste paranemist.<\/p>\n","protected":false},"featured_media":16559,"comment_status":"closed","ping_status":"open","template":"","meta":{"_acf_changed":false},"product_brand":[732],"product_cat":[512,734],"product_tag":[],"class_list":{"0":"post-17655","1":"product","2":"type-product","3":"status-publish","4":"has-post-thumbnail","6":"product_brand-bros","7":"product_cat-majapidamistarbed","8":"product_cat-aiakaubad","9":"pa_kogus-350-g","10":"pa_paritolumaa-poola","11":"pa_uhik-g","13":"first","14":"instock","15":"taxable","16":"shipping-taxable","17":"purchasable","18":"product-type-simple"},"acf":[],"_links":{"self":[{"href":"https:\/\/ursus.ee\/en\/wp-json\/wp\/v2\/product\/17655","targetHints":{"allow":["GET"]}}],"collection":[{"href":"https:\/\/ursus.ee\/en\/wp-json\/wp\/v2\/product"}],"about":[{"href":"https:\/\/ursus.ee\/en\/wp-json\/wp\/v2\/types\/product"}],"replies":[{"embeddable":true,"href":"https:\/\/ursus.ee\/en\/wp-json\/wp\/v2\/comments?post=17655"}],"wp:featuredmedia":[{"embeddable":true,"href":"https:\/\/ursus.ee\/en\/wp-json\/wp\/v2\/media\/16559"}],"wp:attachment":[{"href":"https:\/\/ursus.ee\/en\/wp-json\/wp\/v2\/media?parent=17655"}],"wp:term":[{"taxonomy":"product_brand","embeddable":true,"href":"https:\/\/ursus.ee\/en\/wp-json\/wp\/v2\/product_brand?post=17655"},{"taxonomy":"product_cat","embeddable":true,"href":"https:\/\/ursus.ee\/en\/wp-json\/wp\/v2\/product_cat?post=17655"},{"taxonomy":"product_tag","embeddable":true,"href":"https:\/\/ursus.ee\/en\/wp-json\/wp\/v2\/product_tag?post=17655"}],"curies":[{"name":"wp","href":"https:\/\/api.w.org\/{rel}","templated":true}]}}