{"id":17652,"date":"2026-04-16T17:10:07","date_gmt":"2026-04-16T14:10:07","guid":{"rendered":"https:\/\/ursus.ee\/toode\/sipelgatorje-aerosool\/"},"modified":"2026-04-20T15:08:26","modified_gmt":"2026-04-20T12:08:26","slug":"sipelgatorje-aerosool","status":"publish","type":"product","link":"https:\/\/ursus.ee\/en\/toode\/sipelgatorje-aerosool\/","title":{"rendered":"Sipelgat\u00f5rje aerosool"},"content":{"rendered":"<p>Aerosool h\u00e4vitab efektiivselt k\u00f5iki sipelgate liike. Spetsiaalne koostis tagab mitmek\u00fclgse toime: kohene putukate h\u00e4vitamine (l\u00f6\u00f6kefekt) ja pikaajaline toime kasutuskohas.<\/p>\n","protected":false},"excerpt":{"rendered":"<p>Aerosool h\u00e4vitab efektiivselt k\u00f5iki sipelgate liike. Spetsiaalne koostis tagab mitmek\u00fclgse toime: kohene putukate h\u00e4vitamine (l\u00f6\u00f6kefekt) ja pikaajaline toime kasutuskohas.<\/p>\n","protected":false},"featured_media":16551,"comment_status":"closed","ping_status":"open","template":"","meta":{"_acf_changed":false},"product_brand":[732],"product_cat":[512,734],"product_tag":[],"class_list":{"0":"post-17652","1":"product","2":"type-product","3":"status-publish","4":"has-post-thumbnail","6":"product_brand-bros","7":"product_cat-majapidamistarbed","8":"product_cat-aiakaubad","9":"pa_kogus-150-ml","10":"pa_koostis-pbo-06-tetrametryna-02-deltametryna-005","11":"pa_paritolumaa-poola","12":"pa_uhik-ml","14":"first","15":"instock","16":"taxable","17":"shipping-taxable","18":"purchasable","19":"product-type-simple"},"acf":[],"_links":{"self":[{"href":"https:\/\/ursus.ee\/en\/wp-json\/wp\/v2\/product\/17652","targetHints":{"allow":["GET"]}}],"collection":[{"href":"https:\/\/ursus.ee\/en\/wp-json\/wp\/v2\/product"}],"about":[{"href":"https:\/\/ursus.ee\/en\/wp-json\/wp\/v2\/types\/product"}],"replies":[{"embeddable":true,"href":"https:\/\/ursus.ee\/en\/wp-json\/wp\/v2\/comments?post=17652"}],"wp:featuredmedia":[{"embeddable":true,"href":"https:\/\/ursus.ee\/en\/wp-json\/wp\/v2\/media\/16551"}],"wp:attachment":[{"href":"https:\/\/ursus.ee\/en\/wp-json\/wp\/v2\/media?parent=17652"}],"wp:term":[{"taxonomy":"product_brand","embeddable":true,"href":"https:\/\/ursus.ee\/en\/wp-json\/wp\/v2\/product_brand?post=17652"},{"taxonomy":"product_cat","embeddable":true,"href":"https:\/\/ursus.ee\/en\/wp-json\/wp\/v2\/product_cat?post=17652"},{"taxonomy":"product_tag","embeddable":true,"href":"https:\/\/ursus.ee\/en\/wp-json\/wp\/v2\/product_tag?post=17652"}],"curies":[{"name":"wp","href":"https:\/\/api.w.org\/{rel}","templated":true}]}}