{"id":17646,"date":"2026-04-16T17:09:56","date_gmt":"2026-04-16T14:09:56","guid":{"rendered":"https:\/\/ursus.ee\/toode\/eliksiir-duo-universaalne\/"},"modified":"2026-04-20T15:05:38","modified_gmt":"2026-04-20T12:05:38","slug":"eliksiir-duo-universaalne","status":"publish","type":"product","link":"https:\/\/ursus.ee\/en\/toode\/eliksiir-duo-universaalne\/","title":{"rendered":"Eliksiir DUO universaalne"},"content":{"rendered":"<p>Uuenduslik kahekomponentne v\u00e4etis k\u00f5ikide toa ja r\u00f5du ilutaimede v\u00e4etamiseks ja kiireks turgutamiseks. See sobib eriti h\u00e4sti taimedele, millel esineb erinevaid probleeme (aeglane kasv, v\u00e4hene \u00f5itsemine, v\u00e4sinud v\u00e4ljan\u00e4gemine), kuid v\u00f5ib kasutada ka preventiivse vahendina tervetel taimedel. Roheline v\u00e4etis annab peamised toitained, mis on vajalikud kasvamiseks ja \u00f5itsemiseks, ja pruun regeneraator tugevdab taimi, v\u00e4hendab \u00fcmberistutamisest ja valest hooldamisest tingitud stressi ja taastab tasakaalu. V\u00e4etise ja regeneraatori kombinatsioon taastab taimede vitaalsuse, terve v\u00e4ljan\u00e4gemise ja kauni v\u00e4rvusega \u00f5ied ja lehed.<br \/>\nKaheosalise aplikaatoriga saate korraga kasutada \u00f5iges koguses v\u00e4etist ja regeneraatorit, mis muudab kasutamise v\u00e4ga lihtsaks ja mugavaks. Kuna kaks vedelikku on eraldi kambrikestes, p\u00fcsivad nad efektiivsed pikemat aega. Need segunevad alles pinnases, seega on taimedel toitaineid ja regenereerivaid aineid lihtsam omastada.<\/p>\n","protected":false},"excerpt":{"rendered":"<p>Uuenduslik kahekomponentne v\u00e4etis k\u00f5ikide toa ja r\u00f5du ilutaimede v\u00e4etamiseks ja kiireks turgutamiseks. See sobib eriti h\u00e4sti taimedele, millel esineb erinevaid probleeme (aeglane kasv, v\u00e4hene \u00f5itsemine, v\u00e4sinud v\u00e4ljan\u00e4gemine), kuid v\u00f5ib kasutada ka preventiivse vahendina tervetel taimedel. Roheline v\u00e4etis annab peamised toitained, mis on vajalikud kasvamiseks ja \u00f5itsemiseks, ja pruun regeneraator tugevdab taimi, v\u00e4hendab \u00fcmberistutamisest ja valest<\/p>\n","protected":false},"featured_media":16532,"comment_status":"closed","ping_status":"open","template":"","meta":{"_acf_changed":false},"product_brand":[738],"product_cat":[512,734],"product_tag":[],"class_list":{"0":"post-17646","1":"product","2":"type-product","3":"status-publish","4":"has-post-thumbnail","6":"product_brand-biopon","7":"product_cat-majapidamistarbed","8":"product_cat-aiakaubad","9":"pa_kogus-35-ml","10":"pa_koostis-npk-00720040051-0009","11":"pa_paritolumaa-poola","12":"pa_uhik-ml","14":"first","15":"instock","16":"taxable","17":"shipping-taxable","18":"purchasable","19":"product-type-simple"},"acf":[],"_links":{"self":[{"href":"https:\/\/ursus.ee\/en\/wp-json\/wp\/v2\/product\/17646","targetHints":{"allow":["GET"]}}],"collection":[{"href":"https:\/\/ursus.ee\/en\/wp-json\/wp\/v2\/product"}],"about":[{"href":"https:\/\/ursus.ee\/en\/wp-json\/wp\/v2\/types\/product"}],"replies":[{"embeddable":true,"href":"https:\/\/ursus.ee\/en\/wp-json\/wp\/v2\/comments?post=17646"}],"wp:featuredmedia":[{"embeddable":true,"href":"https:\/\/ursus.ee\/en\/wp-json\/wp\/v2\/media\/16532"}],"wp:attachment":[{"href":"https:\/\/ursus.ee\/en\/wp-json\/wp\/v2\/media?parent=17646"}],"wp:term":[{"taxonomy":"product_brand","embeddable":true,"href":"https:\/\/ursus.ee\/en\/wp-json\/wp\/v2\/product_brand?post=17646"},{"taxonomy":"product_cat","embeddable":true,"href":"https:\/\/ursus.ee\/en\/wp-json\/wp\/v2\/product_cat?post=17646"},{"taxonomy":"product_tag","embeddable":true,"href":"https:\/\/ursus.ee\/en\/wp-json\/wp\/v2\/product_tag?post=17646"}],"curies":[{"name":"wp","href":"https:\/\/api.w.org\/{rel}","templated":true}]}}