{"id":17644,"date":"2026-04-16T17:09:56","date_gmt":"2026-04-16T14:09:56","guid":{"rendered":"https:\/\/ursus.ee\/toode\/eliksiir-duo-orhideedele\/"},"modified":"2026-04-20T15:05:37","modified_gmt":"2026-04-20T12:05:37","slug":"eliksiir-duo-orhideedele","status":"publish","type":"product","link":"https:\/\/ursus.ee\/en\/toode\/eliksiir-duo-orhideedele\/","title":{"rendered":"Eliksiir DUO orhideedele"},"content":{"rendered":"<p>Uuenduslik segu k\u00f5ikide orhideeliikide v\u00e4etamiseks. \u00dchekordne kasutamine annab taimele vajalikud toitaineid kuni 4 n\u00e4dalaks. V\u00e4etise spetsiaalne koostis tagab pika ja rikkaliku \u00f5itsemise, terve v\u00e4ljan\u00e4gemise, s\u00e4ra ja \u00f5ite intensiivse v\u00e4rvuse. Metabolismi aktivaator v\u00f5imaldab taimedel toitaineid lihtsalt ja kiirelt omastada ja tugevam juures\u00fcsteem toimib efektiivsemalt. Kasutusvalmis eliksiir on jagatud annusteks, isedoseeriv aplikaator tagab lihtsa ja mugava kasutamise.<\/p>\n","protected":false},"excerpt":{"rendered":"<p>Uuenduslik segu k\u00f5ikide orhideeliikide v\u00e4etamiseks. \u00dchekordne kasutamine annab taimele vajalikud toitaineid kuni 4 n\u00e4dalaks. V\u00e4etise spetsiaalne koostis tagab pika ja rikkaliku \u00f5itsemise, terve v\u00e4ljan\u00e4gemise, s\u00e4ra ja \u00f5ite intensiivse v\u00e4rvuse. Metabolismi aktivaator v\u00f5imaldab taimedel toitaineid lihtsalt ja kiirelt omastada ja tugevam juures\u00fcsteem toimib efektiivsemalt. Kasutusvalmis eliksiir on jagatud annusteks, isedoseeriv aplikaator tagab lihtsa ja mugava kasutamise.<\/p>\n","protected":false},"featured_media":16525,"comment_status":"closed","ping_status":"open","template":"","meta":{"_acf_changed":false},"product_brand":[738],"product_cat":[512,734],"product_tag":[],"class_list":{"0":"post-17644","1":"product","2":"type-product","3":"status-publish","4":"has-post-thumbnail","6":"product_brand-biopon","7":"product_cat-majapidamistarbed","8":"product_cat-aiakaubad","9":"pa_kogus-35-ml","10":"pa_koostis-npk-00340029005-0008","11":"pa_paritolumaa-poola","12":"pa_uhik-ml","14":"first","15":"instock","16":"taxable","17":"shipping-taxable","18":"purchasable","19":"product-type-simple"},"acf":[],"_links":{"self":[{"href":"https:\/\/ursus.ee\/en\/wp-json\/wp\/v2\/product\/17644","targetHints":{"allow":["GET"]}}],"collection":[{"href":"https:\/\/ursus.ee\/en\/wp-json\/wp\/v2\/product"}],"about":[{"href":"https:\/\/ursus.ee\/en\/wp-json\/wp\/v2\/types\/product"}],"replies":[{"embeddable":true,"href":"https:\/\/ursus.ee\/en\/wp-json\/wp\/v2\/comments?post=17644"}],"wp:featuredmedia":[{"embeddable":true,"href":"https:\/\/ursus.ee\/en\/wp-json\/wp\/v2\/media\/16525"}],"wp:attachment":[{"href":"https:\/\/ursus.ee\/en\/wp-json\/wp\/v2\/media?parent=17644"}],"wp:term":[{"taxonomy":"product_brand","embeddable":true,"href":"https:\/\/ursus.ee\/en\/wp-json\/wp\/v2\/product_brand?post=17644"},{"taxonomy":"product_cat","embeddable":true,"href":"https:\/\/ursus.ee\/en\/wp-json\/wp\/v2\/product_cat?post=17644"},{"taxonomy":"product_tag","embeddable":true,"href":"https:\/\/ursus.ee\/en\/wp-json\/wp\/v2\/product_tag?post=17644"}],"curies":[{"name":"wp","href":"https:\/\/api.w.org\/{rel}","templated":true}]}}