{"id":17643,"date":"2026-04-16T17:09:56","date_gmt":"2026-04-16T14:09:56","guid":{"rendered":"https:\/\/ursus.ee\/toode\/putukamurk-universaalne\/"},"modified":"2026-04-20T15:08:21","modified_gmt":"2026-04-20T12:08:21","slug":"putukamurk-universaalne","status":"publish","type":"product","link":"https:\/\/ursus.ee\/en\/toode\/putukamurk-universaalne\/","title":{"rendered":"Putukam\u00fcrk universaalne"},"content":{"rendered":"<p>Mitmek\u00fclgne aerosool h\u00e4vitab siseruumidest efektiivselt lendavaid putukaid (k\u00e4rbsed, s\u00e4\u00e4sed, koid, herilased) ja roomavaid putukaid (sipelgad, saksa prussakad, prussakad, kirbud, voodilutikad). Tootes sisalduvad aktiivsed elektrostaatilised osakesed suurendavad oluliselt selle efektiivsust.<\/p>\n","protected":false},"excerpt":{"rendered":"<p>Mitmek\u00fclgne aerosool h\u00e4vitab siseruumidest efektiivselt lendavaid putukaid (k\u00e4rbsed, s\u00e4\u00e4sed, koid, herilased) ja roomavaid putukaid (sipelgad, saksa prussakad, prussakad, kirbud, voodilutikad). Tootes sisalduvad aktiivsed elektrostaatilised osakesed suurendavad oluliselt selle efektiivsust.<\/p>\n","protected":false},"featured_media":16522,"comment_status":"closed","ping_status":"open","template":"","meta":{"_acf_changed":false},"product_brand":[732],"product_cat":[512,734],"product_tag":[],"class_list":{"0":"post-17643","1":"product","2":"type-product","3":"status-publish","4":"has-post-thumbnail","6":"product_brand-bros","7":"product_cat-majapidamistarbed","8":"product_cat-aiakaubad","9":"pa_kogus-400-ml","10":"pa_koostis-pbo-06-tetrametryna-02-deltametryna-005","11":"pa_paritolumaa-poola","12":"pa_uhik-ml","14":"first","15":"instock","16":"taxable","17":"shipping-taxable","18":"purchasable","19":"product-type-simple"},"acf":[],"_links":{"self":[{"href":"https:\/\/ursus.ee\/en\/wp-json\/wp\/v2\/product\/17643","targetHints":{"allow":["GET"]}}],"collection":[{"href":"https:\/\/ursus.ee\/en\/wp-json\/wp\/v2\/product"}],"about":[{"href":"https:\/\/ursus.ee\/en\/wp-json\/wp\/v2\/types\/product"}],"replies":[{"embeddable":true,"href":"https:\/\/ursus.ee\/en\/wp-json\/wp\/v2\/comments?post=17643"}],"wp:featuredmedia":[{"embeddable":true,"href":"https:\/\/ursus.ee\/en\/wp-json\/wp\/v2\/media\/16522"}],"wp:attachment":[{"href":"https:\/\/ursus.ee\/en\/wp-json\/wp\/v2\/media?parent=17643"}],"wp:term":[{"taxonomy":"product_brand","embeddable":true,"href":"https:\/\/ursus.ee\/en\/wp-json\/wp\/v2\/product_brand?post=17643"},{"taxonomy":"product_cat","embeddable":true,"href":"https:\/\/ursus.ee\/en\/wp-json\/wp\/v2\/product_cat?post=17643"},{"taxonomy":"product_tag","embeddable":true,"href":"https:\/\/ursus.ee\/en\/wp-json\/wp\/v2\/product_tag?post=17643"}],"curies":[{"name":"wp","href":"https:\/\/api.w.org\/{rel}","templated":true}]}}