{"id":17642,"date":"2026-04-16T17:09:56","date_gmt":"2026-04-16T14:09:56","guid":{"rendered":"https:\/\/ursus.ee\/toode\/liimpuunis-kasvuhoonesse-ja-aeda\/"},"modified":"2026-04-20T15:05:48","modified_gmt":"2026-04-20T12:05:48","slug":"liimpuunis-kasvuhoonesse-ja-aeda","status":"publish","type":"product","link":"https:\/\/ursus.ee\/en\/toode\/liimpuunis-kasvuhoonesse-ja-aeda\/","title":{"rendered":"Liimp\u00fc\u00fcnis kasvuhoonesse ja aeda"},"content":{"rendered":"<p>Kleepuv p\u00fc\u00fcnis taimedest toituvate kahjurite p\u00fc\u00fcdmiseks kaetud kasvukohtades (kasvuhooned, kiletunnelid jne) ja viljapuudel.\u00a0 Kollane v\u00e4rvus meelitab putukaid. Putukad j\u00e4\u00e4vad p\u00fc\u00fcnisele kinni ja ei saa liikuda, mis aitab samas v\u00e4lja selgitada kahjurite liiki ja arvukust. Toode ei sisalda keemilisi putukam\u00fcrke ja ei ole taimekaitsekemikaal.<\/p>\n<p>KASUTAMINE:<br \/>\nEemaldage \u00fcks kleepuv leht ja eemaldage m\u00f5lemalt poolt kaitsepaber. Riputage kleepuv leht traadiga kasvuhoones otse taimede kohale. Kasutage 1-2 kleepuvat lehte m\u00b2 kohta. Viljapuudele riputage kleepuvad lehed t\u00fcvele \u00fchtlaselt kogu puu ulatuses. Asendage kleepuvad lehed, kui need on putukatega kaetud.<\/p>\n<p>OHUTUS:<br \/>\nHoida lastele k\u00e4ttesaamatus kohas. Liimiplekke saab nahalt eemaldada oliivi\u00f5liga v\u00f5i kosmeetilise keroseeniga. Kasutatud paberit tuleks k\u00e4idelda majapidamisj\u00e4\u00e4tmena.<\/p>\n","protected":false},"excerpt":{"rendered":"<p>Kleepuv p\u00fc\u00fcnis taimedest toituvate kahjurite p\u00fc\u00fcdmiseks kaetud kasvukohtades (kasvuhooned, kiletunnelid jne) ja viljapuudel.\u00a0 Kollane v\u00e4rvus meelitab putukaid. Putukad j\u00e4\u00e4vad p\u00fc\u00fcnisele kinni ja ei saa liikuda, mis aitab samas v\u00e4lja selgitada kahjurite liiki ja arvukust. Toode ei sisalda keemilisi putukam\u00fcrke ja ei ole taimekaitsekemikaal. KASUTAMINE: Eemaldage \u00fcks kleepuv leht ja eemaldage m\u00f5lemalt poolt kaitsepaber. Riputage kleepuv<\/p>\n","protected":false},"featured_media":16519,"comment_status":"closed","ping_status":"open","template":"","meta":{"_acf_changed":false},"product_brand":[732],"product_cat":[512,734],"product_tag":[],"class_list":{"0":"post-17642","1":"product","2":"type-product","3":"status-publish","4":"has-post-thumbnail","6":"product_brand-bros","7":"product_cat-majapidamistarbed","8":"product_cat-aiakaubad","9":"pa_kogus-10-tk","10":"pa_paritolumaa-poola","11":"pa_uhik-tk","13":"first","14":"instock","15":"taxable","16":"shipping-taxable","17":"purchasable","18":"product-type-simple"},"acf":[],"_links":{"self":[{"href":"https:\/\/ursus.ee\/en\/wp-json\/wp\/v2\/product\/17642","targetHints":{"allow":["GET"]}}],"collection":[{"href":"https:\/\/ursus.ee\/en\/wp-json\/wp\/v2\/product"}],"about":[{"href":"https:\/\/ursus.ee\/en\/wp-json\/wp\/v2\/types\/product"}],"replies":[{"embeddable":true,"href":"https:\/\/ursus.ee\/en\/wp-json\/wp\/v2\/comments?post=17642"}],"wp:featuredmedia":[{"embeddable":true,"href":"https:\/\/ursus.ee\/en\/wp-json\/wp\/v2\/media\/16519"}],"wp:attachment":[{"href":"https:\/\/ursus.ee\/en\/wp-json\/wp\/v2\/media?parent=17642"}],"wp:term":[{"taxonomy":"product_brand","embeddable":true,"href":"https:\/\/ursus.ee\/en\/wp-json\/wp\/v2\/product_brand?post=17642"},{"taxonomy":"product_cat","embeddable":true,"href":"https:\/\/ursus.ee\/en\/wp-json\/wp\/v2\/product_cat?post=17642"},{"taxonomy":"product_tag","embeddable":true,"href":"https:\/\/ursus.ee\/en\/wp-json\/wp\/v2\/product_tag?post=17642"}],"curies":[{"name":"wp","href":"https:\/\/api.w.org\/{rel}","templated":true}]}}