{"id":17640,"date":"2026-04-16T17:09:56","date_gmt":"2026-04-16T14:09:56","guid":{"rendered":"https:\/\/ursus.ee\/toode\/universaalne-vaetis\/"},"modified":"2026-04-20T15:08:32","modified_gmt":"2026-04-20T12:08:32","slug":"universaalne-vaetis","status":"publish","type":"product","link":"https:\/\/ursus.ee\/en\/toode\/universaalne-vaetis\/","title":{"rendered":"Universaalne v\u00e4etis"},"content":{"rendered":"<p>Graanulv\u00e4etis aiataimedele, lilledele, aedviljadele ja viljapuudele ja -p\u00f5\u00f5sastele. Hoolikalt valitud ja tasakaalustatud v\u00e4etise koostis tagab taimede hea kasvu, rikkaliku \u00f5itsemise ja viljumise ning intensiivse rohelise v\u00e4rvuse.<\/p>\n","protected":false},"excerpt":{"rendered":"<p>Graanulv\u00e4etis aiataimedele, lilledele, aedviljadele ja viljapuudele ja -p\u00f5\u00f5sastele. Hoolikalt valitud ja tasakaalustatud v\u00e4etise koostis tagab taimede hea kasvu, rikkaliku \u00f5itsemise ja viljumise ning intensiivse rohelise v\u00e4rvuse.<\/p>\n","protected":false},"featured_media":16513,"comment_status":"closed","ping_status":"open","template":"","meta":{"_acf_changed":false},"product_brand":[738],"product_cat":[512,734],"product_tag":[],"class_list":{"0":"post-17640","1":"product","2":"type-product","3":"status-publish","4":"has-post-thumbnail","6":"product_brand-biopon","7":"product_cat-majapidamistarbed","8":"product_cat-aiakaubad","9":"pa_kogus-1-kg","10":"pa_koostis-npk-12510-mg-2-s-35-b-001-cu-001-zn-001","11":"pa_paritolumaa-poola","12":"pa_uhik-kg","14":"first","15":"instock","16":"taxable","17":"shipping-taxable","18":"purchasable","19":"product-type-simple"},"acf":[],"_links":{"self":[{"href":"https:\/\/ursus.ee\/en\/wp-json\/wp\/v2\/product\/17640","targetHints":{"allow":["GET"]}}],"collection":[{"href":"https:\/\/ursus.ee\/en\/wp-json\/wp\/v2\/product"}],"about":[{"href":"https:\/\/ursus.ee\/en\/wp-json\/wp\/v2\/types\/product"}],"replies":[{"embeddable":true,"href":"https:\/\/ursus.ee\/en\/wp-json\/wp\/v2\/comments?post=17640"}],"wp:featuredmedia":[{"embeddable":true,"href":"https:\/\/ursus.ee\/en\/wp-json\/wp\/v2\/media\/16513"}],"wp:attachment":[{"href":"https:\/\/ursus.ee\/en\/wp-json\/wp\/v2\/media?parent=17640"}],"wp:term":[{"taxonomy":"product_brand","embeddable":true,"href":"https:\/\/ursus.ee\/en\/wp-json\/wp\/v2\/product_brand?post=17640"},{"taxonomy":"product_cat","embeddable":true,"href":"https:\/\/ursus.ee\/en\/wp-json\/wp\/v2\/product_cat?post=17640"},{"taxonomy":"product_tag","embeddable":true,"href":"https:\/\/ursus.ee\/en\/wp-json\/wp\/v2\/product_tag?post=17640"}],"curies":[{"name":"wp","href":"https:\/\/api.w.org\/{rel}","templated":true}]}}