{"id":17637,"date":"2026-04-16T17:09:56","date_gmt":"2026-04-16T14:09:56","guid":{"rendered":"https:\/\/ursus.ee\/toode\/hiireloks-puidust-2\/"},"modified":"2026-04-20T15:05:39","modified_gmt":"2026-04-20T12:05:39","slug":"hiireloks-puidust-2","status":"publish","type":"product","link":"https:\/\/ursus.ee\/en\/toode\/hiireloks-puidust-2\/","title":{"rendered":"Hiirel\u00f5ks puidust"},"content":{"rendered":"<p>Traditsiooniline meetod n\u00e4riliste h\u00e4vitamiseks. Ennast t\u00f5estanud konstruktsioon v\u00f5imaldab efektiivselt p\u00fc\u00fcda hiiri nii siseruumidest kui ka v\u00e4ljast.<\/p>\n","protected":false},"excerpt":{"rendered":"<p>Traditsiooniline meetod n\u00e4riliste h\u00e4vitamiseks. Ennast t\u00f5estanud konstruktsioon v\u00f5imaldab efektiivselt p\u00fc\u00fcda hiiri nii siseruumidest kui ka v\u00e4ljast.<\/p>\n","protected":false},"featured_media":16504,"comment_status":"closed","ping_status":"open","template":"","meta":{"_acf_changed":false},"product_brand":[732],"product_cat":[512,734],"product_tag":[],"class_list":{"0":"post-17637","1":"product","2":"type-product","3":"status-publish","4":"has-post-thumbnail","6":"product_brand-bros","7":"product_cat-majapidamistarbed","8":"product_cat-aiakaubad","9":"pa_kogus-1-tk","10":"pa_koostis-puit","11":"pa_paritolumaa-poola","12":"pa_uhik-tk","14":"first","15":"instock","16":"taxable","17":"shipping-taxable","18":"purchasable","19":"product-type-simple"},"acf":[],"_links":{"self":[{"href":"https:\/\/ursus.ee\/en\/wp-json\/wp\/v2\/product\/17637","targetHints":{"allow":["GET"]}}],"collection":[{"href":"https:\/\/ursus.ee\/en\/wp-json\/wp\/v2\/product"}],"about":[{"href":"https:\/\/ursus.ee\/en\/wp-json\/wp\/v2\/types\/product"}],"replies":[{"embeddable":true,"href":"https:\/\/ursus.ee\/en\/wp-json\/wp\/v2\/comments?post=17637"}],"wp:featuredmedia":[{"embeddable":true,"href":"https:\/\/ursus.ee\/en\/wp-json\/wp\/v2\/media\/16504"}],"wp:attachment":[{"href":"https:\/\/ursus.ee\/en\/wp-json\/wp\/v2\/media?parent=17637"}],"wp:term":[{"taxonomy":"product_brand","embeddable":true,"href":"https:\/\/ursus.ee\/en\/wp-json\/wp\/v2\/product_brand?post=17637"},{"taxonomy":"product_cat","embeddable":true,"href":"https:\/\/ursus.ee\/en\/wp-json\/wp\/v2\/product_cat?post=17637"},{"taxonomy":"product_tag","embeddable":true,"href":"https:\/\/ursus.ee\/en\/wp-json\/wp\/v2\/product_tag?post=17637"}],"curies":[{"name":"wp","href":"https:\/\/api.w.org\/{rel}","templated":true}]}}