{"id":17635,"date":"2026-04-16T17:09:56","date_gmt":"2026-04-16T14:09:56","guid":{"rendered":"https:\/\/ursus.ee\/toode\/prussaka-liimpuunis-tunnel\/"},"modified":"2026-04-20T15:08:20","modified_gmt":"2026-04-20T12:08:20","slug":"prussaka-liimpuunis-tunnel","status":"publish","type":"product","link":"https:\/\/ursus.ee\/en\/toode\/prussaka-liimpuunis-tunnel\/","title":{"rendered":"Prussaka liimp\u00fc\u00fcnis tunnel"},"content":{"rendered":"<p>Traditsiooniline ja ennast t\u00f5estanud meetod saksa prussakate, prussakate ja teiste roomavate putukate h\u00e4vitamiseks. T\u00e4nu liimaine spetsiaalsele koostisele p\u00fcsib p\u00fc\u00fcnis efektiivne mitu kuud. Toodet v\u00f5ib kasutada tubades, kus viibivad lapsed, haiged ja allergilised inimesed. Ei sisalda keemilisi putukam\u00fcrke.<\/p>\n","protected":false},"excerpt":{"rendered":"<p>Traditsiooniline ja ennast t\u00f5estanud meetod saksa prussakate, prussakate ja teiste roomavate putukate h\u00e4vitamiseks. T\u00e4nu liimaine spetsiaalsele koostisele p\u00fcsib p\u00fc\u00fcnis efektiivne mitu kuud. Toodet v\u00f5ib kasutada tubades, kus viibivad lapsed, haiged ja allergilised inimesed. Ei sisalda keemilisi putukam\u00fcrke.<\/p>\n","protected":false},"featured_media":16498,"comment_status":"closed","ping_status":"open","template":"","meta":{"_acf_changed":false},"product_brand":[732],"product_cat":[512,734],"product_tag":[],"class_list":{"0":"post-17635","1":"product","2":"type-product","3":"status-publish","4":"has-post-thumbnail","6":"product_brand-bros","7":"product_cat-majapidamistarbed","8":"product_cat-aiakaubad","9":"pa_kogus-1-tk","10":"pa_paritolumaa-poola","11":"pa_uhik-tk","13":"first","14":"instock","15":"taxable","16":"shipping-taxable","17":"purchasable","18":"product-type-simple"},"acf":[],"_links":{"self":[{"href":"https:\/\/ursus.ee\/en\/wp-json\/wp\/v2\/product\/17635","targetHints":{"allow":["GET"]}}],"collection":[{"href":"https:\/\/ursus.ee\/en\/wp-json\/wp\/v2\/product"}],"about":[{"href":"https:\/\/ursus.ee\/en\/wp-json\/wp\/v2\/types\/product"}],"replies":[{"embeddable":true,"href":"https:\/\/ursus.ee\/en\/wp-json\/wp\/v2\/comments?post=17635"}],"wp:featuredmedia":[{"embeddable":true,"href":"https:\/\/ursus.ee\/en\/wp-json\/wp\/v2\/media\/16498"}],"wp:attachment":[{"href":"https:\/\/ursus.ee\/en\/wp-json\/wp\/v2\/media?parent=17635"}],"wp:term":[{"taxonomy":"product_brand","embeddable":true,"href":"https:\/\/ursus.ee\/en\/wp-json\/wp\/v2\/product_brand?post=17635"},{"taxonomy":"product_cat","embeddable":true,"href":"https:\/\/ursus.ee\/en\/wp-json\/wp\/v2\/product_cat?post=17635"},{"taxonomy":"product_tag","embeddable":true,"href":"https:\/\/ursus.ee\/en\/wp-json\/wp\/v2\/product_tag?post=17635"}],"curies":[{"name":"wp","href":"https:\/\/api.w.org\/{rel}","templated":true}]}}