{"id":17634,"date":"2026-04-16T17:09:56","date_gmt":"2026-04-16T14:09:56","guid":{"rendered":"https:\/\/ursus.ee\/toode\/puuviljakarbse-puunis-vedelikuga\/"},"modified":"2026-05-14T09:34:05","modified_gmt":"2026-05-14T06:34:05","slug":"puuviljakarbse-puunis-vedelikuga","status":"publish","type":"product","link":"https:\/\/ursus.ee\/en\/toode\/puuviljakarbse-puunis-vedelikuga\/","title":{"rendered":"Puuviljak\u00e4rbse p\u00fc\u00fcnis vedelikuga"},"content":{"rendered":"<p>P\u00fc\u00fcnis \u00e4\u00e4dikak\u00e4rbeste arvukuse piiramiseks. Aromaatse vedeliku poolt meelitatud putukad sisenevad p\u00fc\u00fcnisesse, mille spetsiaalne konstruktsioon j\u00e4tab nad l\u00f5ksu. Uus ja t\u00e4iustatud vedel meelitusaine muudab l\u00f5ksu erakordselt efektiivseks. See ei sisalda putukam\u00fcrke vaid valmistatud t\u00e4ielikult looduslikult toodetud koostisosadest.<\/p>\n<p>KASUTAMINE:<br \/>\n1. Eemaldage l\u00f5ksu \u00fclemine osa (kaas), pigistades \u00f5rnalt punase anuma k\u00fclgedele. 2. Avage vedelikuga pudel ja valage selle sisu l\u00f5ksu. 3. Paigaldage t\u00e4idetud l\u00f5ksule kaas. 4. Paigutage l\u00f5ks kohta, kus on n\u00e4ha suuremat putukate aktiivsust (puuviljakastide, valamu, pr\u00fcgikasti vm k\u00f5rvale). 5. Kuu aja m\u00f6\u00f6dumisel v\u00f5i kui l\u00f5ks on putukaid t\u00e4is, eemaldage selle sisu ja t\u00e4itke uuesti vedelikuga. Kui vedelik aurustub kiiremini, t\u00e4itke l\u00f5ks uuesti. P\u00fc\u00fcnis v\u00f5imaldab hinnata \u00e4\u00e4dikak\u00e4rbeste arvukust ja aitab otsustada, kas kasutada nende h\u00e4vitamiseks biotsiidset toodet. Peske l\u00f5ksu voolava veega, \u00e4rge kasutage pesuvahendeid.P102 Hoida lastele k\u00e4ttesaamatus kohas. Hoida jahedas kohas ja kuivana. Valmistamise kuup\u00e4ev, k\u00f5lblik kuni kuup\u00e4ev ja partiinumber on toodud pakendil.<\/p>\n<p>OHUTUS:<br \/>\nHoida lastele k\u00e4ttesaamatus kohas.<\/p>\n","protected":false},"excerpt":{"rendered":"<p>P\u00fc\u00fcnis \u00e4\u00e4dikak\u00e4rbeste arvukuse piiramiseks. Aromaatse vedeliku poolt meelitatud putukad sisenevad p\u00fc\u00fcnisesse, mille spetsiaalne konstruktsioon j\u00e4tab nad l\u00f5ksu. Uus ja t\u00e4iustatud vedel meelitusaine muudab l\u00f5ksu erakordselt efektiivseks. See ei sisalda putukam\u00fcrke vaid valmistatud t\u00e4ielikult looduslikult toodetud koostisosadest. KASUTAMINE: 1. Eemaldage l\u00f5ksu \u00fclemine osa (kaas), pigistades \u00f5rnalt punase anuma k\u00fclgedele. 2. Avage vedelikuga pudel ja valage selle<\/p>\n","protected":false},"featured_media":16495,"comment_status":"closed","ping_status":"closed","template":"","meta":{"_acf_changed":false},"product_brand":[732],"product_cat":[512,734],"product_tag":[],"class_list":{"0":"post-17634","1":"product","2":"type-product","3":"status-publish","4":"has-post-thumbnail","6":"product_brand-bros","7":"product_cat-majapidamistarbed","8":"product_cat-aiakaubad","9":"pa_kogus-1-kompl","10":"pa_paritolumaa-poola","11":"pa_uhik-kompl","13":"first","14":"instock","15":"taxable","16":"shipping-taxable","17":"purchasable","18":"product-type-simple"},"acf":[],"_links":{"self":[{"href":"https:\/\/ursus.ee\/en\/wp-json\/wp\/v2\/product\/17634","targetHints":{"allow":["GET"]}}],"collection":[{"href":"https:\/\/ursus.ee\/en\/wp-json\/wp\/v2\/product"}],"about":[{"href":"https:\/\/ursus.ee\/en\/wp-json\/wp\/v2\/types\/product"}],"replies":[{"embeddable":true,"href":"https:\/\/ursus.ee\/en\/wp-json\/wp\/v2\/comments?post=17634"}],"wp:featuredmedia":[{"embeddable":true,"href":"https:\/\/ursus.ee\/en\/wp-json\/wp\/v2\/media\/16495"}],"wp:attachment":[{"href":"https:\/\/ursus.ee\/en\/wp-json\/wp\/v2\/media?parent=17634"}],"wp:term":[{"taxonomy":"product_brand","embeddable":true,"href":"https:\/\/ursus.ee\/en\/wp-json\/wp\/v2\/product_brand?post=17634"},{"taxonomy":"product_cat","embeddable":true,"href":"https:\/\/ursus.ee\/en\/wp-json\/wp\/v2\/product_cat?post=17634"},{"taxonomy":"product_tag","embeddable":true,"href":"https:\/\/ursus.ee\/en\/wp-json\/wp\/v2\/product_tag?post=17634"}],"curies":[{"name":"wp","href":"https:\/\/api.w.org\/{rel}","templated":true}]}}