{"id":17629,"date":"2026-04-16T17:09:56","date_gmt":"2026-04-16T14:09:56","guid":{"rendered":"https:\/\/ursus.ee\/toode\/microbec-septikute-bioaktivaator-tablett\/"},"modified":"2026-04-20T15:05:49","modified_gmt":"2026-04-20T12:05:49","slug":"microbec-septikute-bioaktivaator-tablett","status":"publish","type":"product","link":"https:\/\/ursus.ee\/en\/toode\/microbec-septikute-bioaktivaator-tablett\/","title":{"rendered":"Microbec septikute bioaktivaator tablett"},"content":{"rendered":"<p>Mikrobioloogiline ens\u00fcmaatiline toode tabletina lampkastide sisu biolagundamiseks. Regulaarse kasutamise korral aitab v\u00e4hendada lampkastide t\u00fchjendamissagedust, suurendab paikse reoveepuhastuss\u00fcsteemi efektiivsust, eemaldab ebameeldiva l\u00f5hna ja avab reovee kanalisatsioonis\u00fcsteemi ummistused.<\/p>\n<p>KASUTAMINE:<br \/>\nLaske tablett tualetipotti. Kihisemise l\u00f5ppedes laske loputusvett (umbes 10 minuti p\u00e4rast). Algne annus: 2 tabletti 3m\u00b3 kohta. Reaktiveerimine p\u00e4rast kasutamise vaheaega: 2 p\u00e4eva 2 tabletti. Pikemaajalise kasutamise vaheaja korral kahekordistage annust esimesel n\u00e4dalal.<\/p>\n<p>OHUTUS:<br \/>\nH319 p\u00f5hjustab tugevat silmade \u00e4rritust. P102 Hoida lastele k\u00e4ttesaamatus kohas. P301 + P330 + P331 Allaneelamise korral loputada suud. Mitte kutsuda esile oksendamist. P305 + P351 + P338 Silma sattumise korral: loputada mitme minuti jooksul ettevaatlikult veega. Eemaldada kontaktl\u00e4\u00e4tsed, kuii neid kasutatakse ja kui neid on kerge eemaldada.Loputada veel kord. P337 + P313 Kui silmade \u00e4rritus ei m\u00f6\u00f6du, p\u00f6\u00f6rduge arsti poole.<\/p>\n","protected":false},"excerpt":{"rendered":"<p>Mikrobioloogiline ens\u00fcmaatiline toode tabletina lampkastide sisu biolagundamiseks. Regulaarse kasutamise korral aitab v\u00e4hendada lampkastide t\u00fchjendamissagedust, suurendab paikse reoveepuhastuss\u00fcsteemi efektiivsust, eemaldab ebameeldiva l\u00f5hna ja avab reovee kanalisatsioonis\u00fcsteemi ummistused. KASUTAMINE: Laske tablett tualetipotti. Kihisemise l\u00f5ppedes laske loputusvett (umbes 10 minuti p\u00e4rast). Algne annus: 2 tabletti 3m\u00b3 kohta. Reaktiveerimine p\u00e4rast kasutamise vaheaega: 2 p\u00e4eva 2 tabletti. Pikemaajalise kasutamise vaheaja<\/p>\n","protected":false},"featured_media":16479,"comment_status":"closed","ping_status":"open","template":"","meta":{"_acf_changed":false},"product_brand":[732],"product_cat":[512,734],"product_tag":[],"class_list":{"0":"post-17629","1":"product","2":"type-product","3":"status-publish","4":"has-post-thumbnail","6":"product_brand-bros","7":"product_cat-majapidamistarbed","8":"product_cat-aiakaubad","9":"pa_kogus-1-tk","10":"pa_koostis-sidrunhape-anioonsed-pindaktiivsed-ained-5-lohnaaine-ensuumid","11":"pa_paritolumaa-poola","12":"pa_uhik-tk","14":"first","15":"instock","16":"taxable","17":"shipping-taxable","18":"purchasable","19":"product-type-simple"},"acf":[],"_links":{"self":[{"href":"https:\/\/ursus.ee\/en\/wp-json\/wp\/v2\/product\/17629","targetHints":{"allow":["GET"]}}],"collection":[{"href":"https:\/\/ursus.ee\/en\/wp-json\/wp\/v2\/product"}],"about":[{"href":"https:\/\/ursus.ee\/en\/wp-json\/wp\/v2\/types\/product"}],"replies":[{"embeddable":true,"href":"https:\/\/ursus.ee\/en\/wp-json\/wp\/v2\/comments?post=17629"}],"wp:featuredmedia":[{"embeddable":true,"href":"https:\/\/ursus.ee\/en\/wp-json\/wp\/v2\/media\/16479"}],"wp:attachment":[{"href":"https:\/\/ursus.ee\/en\/wp-json\/wp\/v2\/media?parent=17629"}],"wp:term":[{"taxonomy":"product_brand","embeddable":true,"href":"https:\/\/ursus.ee\/en\/wp-json\/wp\/v2\/product_brand?post=17629"},{"taxonomy":"product_cat","embeddable":true,"href":"https:\/\/ursus.ee\/en\/wp-json\/wp\/v2\/product_cat?post=17629"},{"taxonomy":"product_tag","embeddable":true,"href":"https:\/\/ursus.ee\/en\/wp-json\/wp\/v2\/product_tag?post=17629"}],"curies":[{"name":"wp","href":"https:\/\/api.w.org\/{rel}","templated":true}]}}