{"id":17628,"date":"2026-04-16T17:09:56","date_gmt":"2026-04-16T14:09:56","guid":{"rendered":"https:\/\/ursus.ee\/toode\/sipelga-soodatoos-mrowex\/"},"modified":"2026-04-20T15:08:25","modified_gmt":"2026-04-20T12:08:25","slug":"sipelga-soodatoos-mrowex","status":"publish","type":"product","link":"https:\/\/ursus.ee\/en\/toode\/sipelga-soodatoos-mrowex\/","title":{"rendered":"Sipelga s\u00f6\u00f6datoos Mrowex"},"content":{"rendered":"<p>S\u00f6\u00f6damaja geel aiasipelgate h\u00e4vitamiseks siseruumidest ja nende vahetust l\u00e4hedusest, nt terrassid, r\u00f5dud, suvemajad, k\u00f5nniteed, s\u00f5iduteed jne. Karbis olev geel meelitab efektiivselt sipelgad karpi. Sealt v\u00f5tavad putukad m\u00fcrgi endaga kaasa ja viivad selle pessa, mis p\u00f5hjustab kogu sipelgakoloonia h\u00e4vimise.<\/p>\n","protected":false},"excerpt":{"rendered":"<p>S\u00f6\u00f6damaja geel aiasipelgate h\u00e4vitamiseks siseruumidest ja nende vahetust l\u00e4hedusest, nt terrassid, r\u00f5dud, suvemajad, k\u00f5nniteed, s\u00f5iduteed jne. Karbis olev geel meelitab efektiivselt sipelgad karpi. Sealt v\u00f5tavad putukad m\u00fcrgi endaga kaasa ja viivad selle pessa, mis p\u00f5hjustab kogu sipelgakoloonia h\u00e4vimise.<\/p>\n","protected":false},"featured_media":16475,"comment_status":"closed","ping_status":"open","template":"","meta":{"_acf_changed":false},"product_brand":[732],"product_cat":[512,734],"product_tag":[],"class_list":{"0":"post-17628","1":"product","2":"type-product","3":"status-publish","4":"has-post-thumbnail","6":"product_brand-bros","7":"product_cat-majapidamistarbed","8":"product_cat-aiakaubad","9":"pa_kogus-10-g","10":"pa_koostis-imidaklopryd-003-geraniol-0001","11":"pa_paritolumaa-poola","12":"pa_uhik-g","14":"first","15":"instock","16":"taxable","17":"shipping-taxable","18":"purchasable","19":"product-type-simple"},"acf":[],"_links":{"self":[{"href":"https:\/\/ursus.ee\/en\/wp-json\/wp\/v2\/product\/17628","targetHints":{"allow":["GET"]}}],"collection":[{"href":"https:\/\/ursus.ee\/en\/wp-json\/wp\/v2\/product"}],"about":[{"href":"https:\/\/ursus.ee\/en\/wp-json\/wp\/v2\/types\/product"}],"replies":[{"embeddable":true,"href":"https:\/\/ursus.ee\/en\/wp-json\/wp\/v2\/comments?post=17628"}],"wp:featuredmedia":[{"embeddable":true,"href":"https:\/\/ursus.ee\/en\/wp-json\/wp\/v2\/media\/16475"}],"wp:attachment":[{"href":"https:\/\/ursus.ee\/en\/wp-json\/wp\/v2\/media?parent=17628"}],"wp:term":[{"taxonomy":"product_brand","embeddable":true,"href":"https:\/\/ursus.ee\/en\/wp-json\/wp\/v2\/product_brand?post=17628"},{"taxonomy":"product_cat","embeddable":true,"href":"https:\/\/ursus.ee\/en\/wp-json\/wp\/v2\/product_cat?post=17628"},{"taxonomy":"product_tag","embeddable":true,"href":"https:\/\/ursus.ee\/en\/wp-json\/wp\/v2\/product_tag?post=17628"}],"curies":[{"name":"wp","href":"https:\/\/api.w.org\/{rel}","templated":true}]}}