{"id":17627,"date":"2026-04-16T17:09:56","date_gmt":"2026-04-16T14:09:56","guid":{"rendered":"https:\/\/ursus.ee\/toode\/koitorjeplaat-lavendel\/"},"modified":"2026-04-20T15:05:45","modified_gmt":"2026-04-20T12:05:45","slug":"koitorjeplaat-lavendel","status":"publish","type":"product","link":"https:\/\/ursus.ee\/en\/toode\/koitorjeplaat-lavendel\/","title":{"rendered":"Koit\u00f5rjeplaat Lavendel"},"content":{"rendered":"<p>Kaitseb efektiivselt kappides, sahtlites ja garderoobides olevaid riideid koide h\u00e4vitava tegevuse eest. Annab riietele meeldivalt v\u00e4rske l\u00f5hna. Kaitseb koide eest kuni 6 kuud.<\/p>\n<p>OHUTUS:<br \/>\nHoida lastele k\u00e4ttesaamatus kohas. Hoida lastele k\u00e4ttesaamatus kohas.<\/p>\n","protected":false},"excerpt":{"rendered":"<p>Kaitseb efektiivselt kappides, sahtlites ja garderoobides olevaid riideid koide h\u00e4vitava tegevuse eest. Annab riietele meeldivalt v\u00e4rske l\u00f5hna. Kaitseb koide eest kuni 6 kuud. OHUTUS: Hoida lastele k\u00e4ttesaamatus kohas. Hoida lastele k\u00e4ttesaamatus kohas.<\/p>\n","protected":false},"featured_media":16471,"comment_status":"closed","ping_status":"open","template":"","meta":{"_acf_changed":false},"product_brand":[732],"product_cat":[512,734],"product_tag":[],"class_list":{"0":"post-17627","1":"product","2":"type-product","3":"status-publish","4":"has-post-thumbnail","6":"product_brand-bros","7":"product_cat-majapidamistarbed","8":"product_cat-aiakaubad","9":"pa_kogus-1-tk","10":"pa_koostis-metoflutryna-2-geraniol-1","11":"pa_paritolumaa-poola","12":"pa_uhik-tk","14":"first","15":"instock","16":"taxable","17":"shipping-taxable","18":"purchasable","19":"product-type-simple"},"acf":[],"_links":{"self":[{"href":"https:\/\/ursus.ee\/en\/wp-json\/wp\/v2\/product\/17627","targetHints":{"allow":["GET"]}}],"collection":[{"href":"https:\/\/ursus.ee\/en\/wp-json\/wp\/v2\/product"}],"about":[{"href":"https:\/\/ursus.ee\/en\/wp-json\/wp\/v2\/types\/product"}],"replies":[{"embeddable":true,"href":"https:\/\/ursus.ee\/en\/wp-json\/wp\/v2\/comments?post=17627"}],"wp:featuredmedia":[{"embeddable":true,"href":"https:\/\/ursus.ee\/en\/wp-json\/wp\/v2\/media\/16471"}],"wp:attachment":[{"href":"https:\/\/ursus.ee\/en\/wp-json\/wp\/v2\/media?parent=17627"}],"wp:term":[{"taxonomy":"product_brand","embeddable":true,"href":"https:\/\/ursus.ee\/en\/wp-json\/wp\/v2\/product_brand?post=17627"},{"taxonomy":"product_cat","embeddable":true,"href":"https:\/\/ursus.ee\/en\/wp-json\/wp\/v2\/product_cat?post=17627"},{"taxonomy":"product_tag","embeddable":true,"href":"https:\/\/ursus.ee\/en\/wp-json\/wp\/v2\/product_tag?post=17627"}],"curies":[{"name":"wp","href":"https:\/\/api.w.org\/{rel}","templated":true}]}}