{"id":17626,"date":"2026-04-16T17:09:46","date_gmt":"2026-04-16T14:09:46","guid":{"rendered":"https:\/\/ursus.ee\/toode\/putukamurk-roomavatele-putukatele\/"},"modified":"2026-04-20T15:08:21","modified_gmt":"2026-04-20T12:08:21","slug":"putukamurk-roomavatele-putukatele","status":"publish","type":"product","link":"https:\/\/ursus.ee\/en\/toode\/putukamurk-roomavatele-putukatele\/","title":{"rendered":"Putukam\u00fcrk roomavatele putukatele"},"content":{"rendered":"<p>Toode roomavate putukate, nagu prussakad, saksa prussakad, sipelgad, majasoomukad ja teiste putukad, h\u00e4vitamiseks siseruumides. Spetsiaalne koostis tagab mitmek\u00fclgse toime: kohene putukate h\u00e4vitamine (l\u00f6\u00f6kefekt) ja pikaajaline toime kasutuskohas.<\/p>\n","protected":false},"excerpt":{"rendered":"<p>Toode roomavate putukate, nagu prussakad, saksa prussakad, sipelgad, majasoomukad ja teiste putukad, h\u00e4vitamiseks siseruumides. Spetsiaalne koostis tagab mitmek\u00fclgse toime: kohene putukate h\u00e4vitamine (l\u00f6\u00f6kefekt) ja pikaajaline toime kasutuskohas.<\/p>\n","protected":false},"featured_media":16468,"comment_status":"closed","ping_status":"open","template":"","meta":{"_acf_changed":false},"product_brand":[732],"product_cat":[512,734],"product_tag":[],"class_list":{"0":"post-17626","1":"product","2":"type-product","3":"status-publish","4":"has-post-thumbnail","6":"product_brand-bros","7":"product_cat-majapidamistarbed","8":"product_cat-aiakaubad","9":"pa_kogus-400-ml","10":"pa_koostis-permetryna-02-tetrametryna-02-pbo-1","11":"pa_paritolumaa-poola","12":"pa_uhik-ml","14":"first","15":"instock","16":"taxable","17":"shipping-taxable","18":"purchasable","19":"product-type-simple"},"acf":[],"_links":{"self":[{"href":"https:\/\/ursus.ee\/en\/wp-json\/wp\/v2\/product\/17626","targetHints":{"allow":["GET"]}}],"collection":[{"href":"https:\/\/ursus.ee\/en\/wp-json\/wp\/v2\/product"}],"about":[{"href":"https:\/\/ursus.ee\/en\/wp-json\/wp\/v2\/types\/product"}],"replies":[{"embeddable":true,"href":"https:\/\/ursus.ee\/en\/wp-json\/wp\/v2\/comments?post=17626"}],"wp:featuredmedia":[{"embeddable":true,"href":"https:\/\/ursus.ee\/en\/wp-json\/wp\/v2\/media\/16468"}],"wp:attachment":[{"href":"https:\/\/ursus.ee\/en\/wp-json\/wp\/v2\/media?parent=17626"}],"wp:term":[{"taxonomy":"product_brand","embeddable":true,"href":"https:\/\/ursus.ee\/en\/wp-json\/wp\/v2\/product_brand?post=17626"},{"taxonomy":"product_cat","embeddable":true,"href":"https:\/\/ursus.ee\/en\/wp-json\/wp\/v2\/product_cat?post=17626"},{"taxonomy":"product_tag","embeddable":true,"href":"https:\/\/ursus.ee\/en\/wp-json\/wp\/v2\/product_tag?post=17626"}],"curies":[{"name":"wp","href":"https:\/\/api.w.org\/{rel}","templated":true}]}}