{"id":17624,"date":"2026-04-16T17:09:46","date_gmt":"2026-04-16T14:09:46","guid":{"rendered":"https:\/\/ursus.ee\/toode\/puuviljakarbse-liimpuunis-green-power\/"},"modified":"2026-04-20T15:08:22","modified_gmt":"2026-04-20T12:08:22","slug":"puuviljakarbse-liimpuunis-green-power","status":"publish","type":"product","link":"https:\/\/ursus.ee\/en\/toode\/puuviljakarbse-liimpuunis-green-power\/","title":{"rendered":"Puuviljak\u00e4rbse liimp\u00fc\u00fcnis Green Power"},"content":{"rendered":"<p>Dekoratiivne \u00fclit\u00f5hus liimp\u00fc\u00fcnis \u00e4\u00e4dikak\u00e4rbeste arvukuse piiramiseks. Liimiga kaetud loodusliku s\u00f6\u00f6daga anum meelitab putukaid oma l\u00f5hnaga t\u00f5husalt ja meelitab neid kleepuvale pinnale.Toode ei sisalda insektitsiide ja seda v\u00f5ib kasutada toiduainete vahetus l\u00e4heduses. Dekoratiivne liimmuster sobib suurep\u00e4raselt k\u00f6\u00f6gi interj\u00f6\u00f6ri ja meelitab k\u00e4rbseid v\u00e4rvilise puuviljamotiiviga.<\/p>\n<p>KASUTAMINE:<br \/>\n1. Eemaldage s\u00f6\u00f6dapudel pakendist ja asetage see papist alusele. 2.Enne pudeli avamist j\u00e4tke see seisma 30 minutiks ja seej\u00e4rel eemaldage kork. 3.Eemaldage liimilt kaitsepaber. 4.Kinnitage liimipulk papist alusele, sisestades kleepuvad sakid aluse sissel\u00f5igetesse. Liimpind peaks moodustama s\u00f6\u00f6dapudeli kohale katuse. Puuviljamotiiviga k\u00fclg peab olema suunatud v\u00e4ljapoole ja liimiga kaetud k\u00fclg l\u00f5ksu sisemuse poole. 5. Asetage p\u00fc\u00fcnis putukaterohkesse kohta (puuviljade, kraanikausi, pr\u00fcgikasti vms k\u00f5rvale). 6. P\u00e4rast p\u00fc\u00fcnise t\u00e4itumist putukatega asendage liim uuega. Peibutuvedelikust piisab umbes 4-n\u00e4dalaseks l\u00f5ksu t\u00f6\u00f6ks.P102 Hoida lastele k\u00e4ttesaamatus kohas. P\u00fc\u00fcnis v\u00f5imaldab hinnata \u00e4\u00e4dikak\u00e4rbeste arvukust ja aitab otsustada, kas kasutada nende h\u00e4vitamiseks biotsiidset toodet. M\u00e4danenud ja \u00fclek\u00fcpsenud puuviljad tuleks \u00e4ra visata, kuna need on putukate ligimeelitajad. Hoida kuivas jahedas kohas. T\u00f6\u00f6delge kasutatud toodet olmej\u00e4\u00e4tmetena. K\u00f5lblikkusaeg ja partii number pakendil.<\/p>\n<p>OHUTUS:<br \/>\n.P102 Hoida lastele k\u00e4ttesaamatus kohas.<\/p>\n","protected":false},"excerpt":{"rendered":"<p>Dekoratiivne \u00fclit\u00f5hus liimp\u00fc\u00fcnis \u00e4\u00e4dikak\u00e4rbeste arvukuse piiramiseks. Liimiga kaetud loodusliku s\u00f6\u00f6daga anum meelitab putukaid oma l\u00f5hnaga t\u00f5husalt ja meelitab neid kleepuvale pinnale.Toode ei sisalda insektitsiide ja seda v\u00f5ib kasutada toiduainete vahetus l\u00e4heduses. Dekoratiivne liimmuster sobib suurep\u00e4raselt k\u00f6\u00f6gi interj\u00f6\u00f6ri ja meelitab k\u00e4rbseid v\u00e4rvilise puuviljamotiiviga. KASUTAMINE: 1. Eemaldage s\u00f6\u00f6dapudel pakendist ja asetage see papist alusele. 2.Enne pudeli avamist<\/p>\n","protected":false},"featured_media":16462,"comment_status":"closed","ping_status":"open","template":"","meta":{"_acf_changed":false},"product_brand":[732],"product_cat":[512,734],"product_tag":[],"class_list":{"0":"post-17624","1":"product","2":"type-product","3":"status-publish","4":"has-post-thumbnail","6":"product_brand-bros","7":"product_cat-majapidamistarbed","8":"product_cat-aiakaubad","9":"pa_kogus-2-tk","10":"pa_paritolumaa-poola","11":"pa_uhik-tk","13":"first","14":"instock","15":"taxable","16":"shipping-taxable","17":"purchasable","18":"product-type-simple"},"acf":[],"_links":{"self":[{"href":"https:\/\/ursus.ee\/en\/wp-json\/wp\/v2\/product\/17624","targetHints":{"allow":["GET"]}}],"collection":[{"href":"https:\/\/ursus.ee\/en\/wp-json\/wp\/v2\/product"}],"about":[{"href":"https:\/\/ursus.ee\/en\/wp-json\/wp\/v2\/types\/product"}],"replies":[{"embeddable":true,"href":"https:\/\/ursus.ee\/en\/wp-json\/wp\/v2\/comments?post=17624"}],"wp:featuredmedia":[{"embeddable":true,"href":"https:\/\/ursus.ee\/en\/wp-json\/wp\/v2\/media\/16462"}],"wp:attachment":[{"href":"https:\/\/ursus.ee\/en\/wp-json\/wp\/v2\/media?parent=17624"}],"wp:term":[{"taxonomy":"product_brand","embeddable":true,"href":"https:\/\/ursus.ee\/en\/wp-json\/wp\/v2\/product_brand?post=17624"},{"taxonomy":"product_cat","embeddable":true,"href":"https:\/\/ursus.ee\/en\/wp-json\/wp\/v2\/product_cat?post=17624"},{"taxonomy":"product_tag","embeddable":true,"href":"https:\/\/ursus.ee\/en\/wp-json\/wp\/v2\/product_tag?post=17624"}],"curies":[{"name":"wp","href":"https:\/\/api.w.org\/{rel}","templated":true}]}}