{"id":17623,"date":"2026-04-16T17:09:46","date_gmt":"2026-04-16T14:09:46","guid":{"rendered":"https:\/\/ursus.ee\/toode\/sipelgapulber-max\/"},"modified":"2026-04-20T15:08:26","modified_gmt":"2026-04-20T12:08:26","slug":"sipelgapulber-max","status":"publish","type":"product","link":"https:\/\/ursus.ee\/en\/toode\/sipelgapulber-max\/","title":{"rendered":"Sipelgapulber MAX"},"content":{"rendered":"<p>Sipelgapulber on m\u00f5eldud vastu v\u00f5itlemiseks eluruumides ja nende vahetus l\u00e4heduses: terrassidel, s\u00f5iduteedel, radadel, p\u00f5randal jne. Pulber sisaldab kaht eri t\u00fc\u00fcpi peibutuasinet &#8211; suhkur ja valk, mis meelitavad sipelgaid preparaati tarbima ning pesadesse laiali kandma. Kasutada pulbrina v\u00f5i vesilahusena.<\/p>\n","protected":false},"excerpt":{"rendered":"<p>Sipelgapulber on m\u00f5eldud vastu v\u00f5itlemiseks eluruumides ja nende vahetus l\u00e4heduses: terrassidel, s\u00f5iduteedel, radadel, p\u00f5randal jne. Pulber sisaldab kaht eri t\u00fc\u00fcpi peibutuasinet &#8211; suhkur ja valk, mis meelitavad sipelgaid preparaati tarbima ning pesadesse laiali kandma. Kasutada pulbrina v\u00f5i vesilahusena.<\/p>\n","protected":false},"featured_media":16459,"comment_status":"closed","ping_status":"open","template":"","meta":{"_acf_changed":false},"product_brand":[732],"product_cat":[512,734],"product_tag":[],"class_list":{"0":"post-17623","1":"product","2":"type-product","3":"status-publish","4":"has-post-thumbnail","6":"product_brand-bros","7":"product_cat-majapidamistarbed","8":"product_cat-aiakaubad","9":"pa_kogus-100-g","10":"pa_koostis-permetriin-05-05-g-100-g-geraniool-0001-0001-g-100-g","11":"pa_paritolumaa-poola","12":"pa_uhik-g","14":"first","15":"instock","16":"taxable","17":"shipping-taxable","18":"purchasable","19":"product-type-simple"},"acf":[],"_links":{"self":[{"href":"https:\/\/ursus.ee\/en\/wp-json\/wp\/v2\/product\/17623","targetHints":{"allow":["GET"]}}],"collection":[{"href":"https:\/\/ursus.ee\/en\/wp-json\/wp\/v2\/product"}],"about":[{"href":"https:\/\/ursus.ee\/en\/wp-json\/wp\/v2\/types\/product"}],"replies":[{"embeddable":true,"href":"https:\/\/ursus.ee\/en\/wp-json\/wp\/v2\/comments?post=17623"}],"wp:featuredmedia":[{"embeddable":true,"href":"https:\/\/ursus.ee\/en\/wp-json\/wp\/v2\/media\/16459"}],"wp:attachment":[{"href":"https:\/\/ursus.ee\/en\/wp-json\/wp\/v2\/media?parent=17623"}],"wp:term":[{"taxonomy":"product_brand","embeddable":true,"href":"https:\/\/ursus.ee\/en\/wp-json\/wp\/v2\/product_brand?post=17623"},{"taxonomy":"product_cat","embeddable":true,"href":"https:\/\/ursus.ee\/en\/wp-json\/wp\/v2\/product_cat?post=17623"},{"taxonomy":"product_tag","embeddable":true,"href":"https:\/\/ursus.ee\/en\/wp-json\/wp\/v2\/product_tag?post=17623"}],"curies":[{"name":"wp","href":"https:\/\/api.w.org\/{rel}","templated":true}]}}