{"id":17622,"date":"2026-04-16T17:09:46","date_gmt":"2026-04-16T14:09:46","guid":{"rendered":"https:\/\/ursus.ee\/toode\/biohuumus-vaetisepulgad\/"},"modified":"2026-04-20T15:05:36","modified_gmt":"2026-04-20T12:05:36","slug":"biohuumus-vaetisepulgad","status":"publish","type":"product","link":"https:\/\/ursus.ee\/en\/toode\/biohuumus-vaetisepulgad\/","title":{"rendered":"Biohuumus v\u00e4etisepulgad"},"content":{"rendered":"<p>Orgaaniline, 100% looduslikud v\u00e4etisepulgad k\u00f5ikidele toa- ja r\u00f5dutaimedele. Valmistatud s\u00f5nnikuusside huumusest, mis pinnase seedimisel rikastatakse kasulike mikroorganismidega, mis vabastavad pinnases olevaid toitaineid. Huumuserikkad pulgad parandavad pinnase omadusi, suurendades selle v\u00f5imet hoida vett ja piirata toitainete v\u00e4ljauhtmist. Need stimuleerivad pinnase bioloogilist elu ja pakuvad taime arenguks optimaalseid tingimusi. <\/p>\n<p>OHUTUS:<br \/>\nSissehingamisel, allaneelamisel ja silma sattumisel p\u00f6\u00f6rduda vajadusel arsti poole. Kemikaali allaneelamise korral p\u00f6\u00f6rduda viivitamatult arsti poole. Hoida pakend tihedalt suletuna jahedas kohas ja kuivana. Hoida lukustatult ja lastele k\u00e4ttesaamatult.<\/p>\n","protected":false},"excerpt":{"rendered":"<p>Orgaaniline, 100% looduslikud v\u00e4etisepulgad k\u00f5ikidele toa- ja r\u00f5dutaimedele. Valmistatud s\u00f5nnikuusside huumusest, mis pinnase seedimisel rikastatakse kasulike mikroorganismidega, mis vabastavad pinnases olevaid toitaineid. Huumuserikkad pulgad parandavad pinnase omadusi, suurendades selle v\u00f5imet hoida vett ja piirata toitainete v\u00e4ljauhtmist. Need stimuleerivad pinnase bioloogilist elu ja pakuvad taime arenguks optimaalseid tingimusi. OHUTUS: Sissehingamisel, allaneelamisel ja silma sattumisel p\u00f6\u00f6rduda vajadusel<\/p>\n","protected":false},"featured_media":16456,"comment_status":"closed","ping_status":"open","template":"","meta":{"_acf_changed":false},"product_brand":[738],"product_cat":[512,734],"product_tag":[],"class_list":{"0":"post-17622","1":"product","2":"type-product","3":"status-publish","4":"has-post-thumbnail","6":"product_brand-biopon","7":"product_cat-majapidamistarbed","8":"product_cat-aiakaubad","9":"pa_kogus-30-tk","10":"pa_koostis-npk-040304","11":"pa_paritolumaa-poola","12":"pa_uhik-tk","14":"first","15":"instock","16":"taxable","17":"shipping-taxable","18":"purchasable","19":"product-type-simple"},"acf":[],"_links":{"self":[{"href":"https:\/\/ursus.ee\/en\/wp-json\/wp\/v2\/product\/17622","targetHints":{"allow":["GET"]}}],"collection":[{"href":"https:\/\/ursus.ee\/en\/wp-json\/wp\/v2\/product"}],"about":[{"href":"https:\/\/ursus.ee\/en\/wp-json\/wp\/v2\/types\/product"}],"replies":[{"embeddable":true,"href":"https:\/\/ursus.ee\/en\/wp-json\/wp\/v2\/comments?post=17622"}],"wp:featuredmedia":[{"embeddable":true,"href":"https:\/\/ursus.ee\/en\/wp-json\/wp\/v2\/media\/16456"}],"wp:attachment":[{"href":"https:\/\/ursus.ee\/en\/wp-json\/wp\/v2\/media?parent=17622"}],"wp:term":[{"taxonomy":"product_brand","embeddable":true,"href":"https:\/\/ursus.ee\/en\/wp-json\/wp\/v2\/product_brand?post=17622"},{"taxonomy":"product_cat","embeddable":true,"href":"https:\/\/ursus.ee\/en\/wp-json\/wp\/v2\/product_cat?post=17622"},{"taxonomy":"product_tag","embeddable":true,"href":"https:\/\/ursus.ee\/en\/wp-json\/wp\/v2\/product_tag?post=17622"}],"curies":[{"name":"wp","href":"https:\/\/api.w.org\/{rel}","templated":true}]}}